{"id":85,"date":"2025-03-05T15:59:47","date_gmt":"2025-03-05T15:59:47","guid":{"rendered":"https:\/\/exploravenue.com\/?page_id=85"},"modified":"2025-03-05T18:51:51","modified_gmt":"2025-03-05T18:51:51","slug":"about","status":"publish","type":"page","link":"https:\/\/exploravenue.com\/ro\/about\/","title":{"rendered":"Despre"},"content":{"rendered":"<p><strong>Bun venit la Explora Venue \u2013 Sursa ta de \u00eencredere pentru informa\u021bii \u0219i inspira\u021bie<\/strong>!<\/p>\n\n\n\n<p>\u00centr-o lume \u00een continu\u0103 schimbare, a fi informat nu este doar un avantaj - este esen\u021bial. Explora Venue este platforma ta principal\u0103 pentru a naviga prin peisajele \u00een continu\u0103 evolu\u021bie ale carierei, dezvolt\u0103rii personale, tehnologiei, inova\u021biei \u0219i c\u0103l\u0103toriilor. Scopul nostru este simplu: s\u0103 oferim con\u021binut semnificativ \u0219i practic, care s\u0103 te \u00eemputerniceasc\u0103 s\u0103-\u021bi atingi ambi\u021biile \u0219i s\u0103 fii cu un pas \u00eenainte.<\/p>\n\n\n\n<h2 class=\"wp-block-heading\">Ce ve\u021bi g\u0103si aici<\/h2>\n\n\n\n<p>La Explora Venue, credem c\u0103 cuno\u0219tin\u021bele alimenteaz\u0103 progresul. De aceea, ne-am organizat con\u021binutul \u00een cinci domenii cheie, concepute pentru a te ajuta s\u0103 cre\u0219ti, s\u0103 te adaptezi \u0219i s\u0103 prosperi:<\/p>\n\n\n\n<h3 class=\"wp-block-heading\">Carier\u0103<\/h3>\n\n\n\n<ul>\n<li>Avansarea \u00een carier\u0103 \u2013 Strategii dovedite pentru cre\u0219terea carierei, crearea de re\u021bele de contacte \u0219i maximizarea productivit\u0103\u021bii.<\/li>\n\n\n\n<li>Viitorul muncii \u2013 Fi\u021bi cu un pas \u00eenaintea schimb\u0103rilor la locul de munc\u0103, de la locuri de munc\u0103 la distan\u021b\u0103 la freelancing \u0219i ascensiunea carierelor digitale.<\/li>\n\n\n\n<li>Competen\u021be esen\u021biale pentru viitor \u2013 Exploreaz\u0103 cele mai c\u0103utate competen\u021be \u0219i cum s\u0103 le dezvol\u021bi pentru a r\u0103m\u00e2ne competitiv.<\/li>\n<\/ul>\n\n\n\n<h3 class=\"wp-block-heading\">Dezvoltare personal\u0103<\/h3>\n\n\n\n<ul>\n<li>Mentalitate pentru succes \u2013 Abord\u0103ri practice ale rezilien\u021bei, stabilirii obiectivelor \u0219i dep\u0103\u0219irii provoc\u0103rilor.<\/li>\n\n\n\n<li>Echilibru \u0219i bun\u0103stare \u2013 Sfaturi pentru gestionarea armoniei dintre via\u021ba profesional\u0103 \u0219i cea personal\u0103, men\u021bin\u00e2nd \u00een acela\u0219i timp un stil de via\u021b\u0103 \u00eemplinit.<\/li>\n\n\n\n<li>Libertate financiar\u0103 \u2013 Strategii inteligente pentru economisire, investi\u021bii \u0219i asigurarea viitorului t\u0103u financiar.<\/li>\n<\/ul>\n\n\n\n<h3 class=\"wp-block-heading\">Inova\u0163ie<\/h3>\n\n\n\n<ul>\n<li>Tehnologia care schimb\u0103 lumea \u2013 Informa\u021bii despre inteligen\u021ba artificial\u0103, blockchain, biotehnologie \u0219i multe altele.<\/li>\n\n\n\n<li>Antreprenoriat \u0219i Startup-uri \u2013 Cele mai recente tendin\u021be, sfaturi de specialitate \u0219i pove\u0219ti de succes pentru a v\u0103 alimenta ideile de afaceri.<\/li>\n\n\n\n<li>Sustenabilitate \u0219i progres \u2013 Cum inova\u021biile revolu\u021bionare modeleaz\u0103 un viitor mai ecologic.<\/li>\n<\/ul>\n\n\n\n<h3 class=\"wp-block-heading\">Tendin\u021be tehnologice<\/h3>\n\n\n\n<ul>\n<li>Schimbarea digital\u0103 \u2013 Cum redefine\u0219te transformarea digital\u0103 industriile \u0219i via\u021ba de zi cu zi.<\/li>\n\n\n\n<li>Viitorul conectivit\u0103\u021bii \u2013 Ce \u00eenseamn\u0103 5G \u0219i tehnologia de genera\u021bie urm\u0103toare pentru lume.<\/li>\n\n\n\n<li>Siguran\u021b\u0103 \u0219i confiden\u021bialitate online \u2013 R\u0103m\u00e2i protejat \u00een era digital\u0103 cu informa\u021bii esen\u021biale despre securitate.<\/li>\n<\/ul>\n\n\n\n<h3 class=\"wp-block-heading\">Voiaj<\/h3>\n\n\n\n<ul>\n<li>Aventuri sustenabile \u2013 C\u0103l\u0103tore\u0219te responsabil, reduc\u00e2nd la minimum amprenta ta asupra mediului.<\/li>\n\n\n\n<li>Imersiune cultural\u0103 \u2013 Descoperi\u021bi destina\u021bii unice \u0219i experien\u021be semnificative.<\/li>\n\n\n\n<li>Lucreaz\u0103 \u0219i exploreaz\u0103 \u2013 St\u0103p\u00e2ne\u0219te arta de a \u00eembina munca la distan\u021b\u0103 cu explorarea global\u0103.<\/li>\n<\/ul>\n\n\n\n<h2 class=\"wp-block-heading\">De ce s\u0103 alege\u021bi Explora Venue?<\/h2>\n\n\n\n<p>Ceea ce ne diferen\u021biaz\u0103 este angajamentul nostru de a oferi con\u021binut valoros, bine documentat, care dep\u0103\u0219e\u0219te suprafa\u021ba. Nu suntem doar un alt site web - suntem o resurs\u0103 conceput\u0103 pentru a inspira ac\u021biune, a st\u00e2rni curiozitatea \u0219i a oferi perspective din lumea real\u0103.<\/p>\n\n\n\n<h3 class=\"wp-block-heading\">Ceea ce reprezent\u0103m:<\/h3>\n\n\n\n<ul>\n<li>Informa\u021bii de \u00eencredere \u0219i actualizate \u2013 Fiecare articol se bazeaz\u0103 pe cercet\u0103ri credibile \u0219i pe tendin\u021be din lumea real\u0103.<\/li>\n\n\n\n<li>Con\u021binut captivant \u0219i practic \u2013 Descompunem subiecte complexe \u00een informa\u021bii utile \u0219i u\u0219or de \u00een\u021beles.<\/li>\n\n\n\n<li>Un spa\u021biu pentru cre\u0219tere \u0219i descoperire \u2013 Mai mult dec\u00e2t informa\u021bii \u2013 v\u0103 \u00eencuraj\u0103m s\u0103 ac\u021biona\u021bi \u0219i s\u0103 evolua\u021bi.<\/li>\n<\/ul>\n\n\n\n<h2 class=\"wp-block-heading\">S\u0103 \u00eencepem!<\/h2>\n\n\n\n<p>Indiferent dac\u0103 e\u0219ti un profesionist care dore\u0219te s\u0103 se dezvolte, un pasionat de tehnologie care se men\u021bine informat sau un explorator \u00een c\u0103utare de noi experien\u021be, Explora Venue este aici pentru a te ghida. Cite\u0219te cele mai recente articole ale noastre, conecteaz\u0103-te cu noi \u0219i al\u0103tur\u0103-te unei comunit\u0103\u021bi care valorizeaz\u0103 cunoa\u0219terea \u0219i progresul.<\/p>\n\n\n\n<p>E\u0219ti gata s\u0103 explorezi? Vezi cel mai recent con\u021binut al nostru, consult\u0103 Politica noastr\u0103 de confiden\u021bialitate sau contacteaz\u0103-ne ast\u0103zi.<\/p>","protected":false},"excerpt":{"rendered":"<p>Bine a\u021bi venit la Explora Venue \u2013 Sursa dvs. de \u00eencredere pentru informa\u021bii \u0219i inspira\u021bie! \u00centr-o lume \u00een continu\u0103 schimbare, a fi informat nu este doar un avantaj \u2013 este esen\u021bial. Explora Venue este platforma dvs. de baz\u0103 pentru a naviga prin peisajele \u00een continu\u0103 evolu\u021bie ale carierei, dezvolt\u0103rii personale, tehnologiei, inova\u021biei \u0219i c\u0103l\u0103toriilor. Scopul nostru este simplu: s\u0103 oferim con\u021binut semnificativ \u0219i practic, care s\u0103 v\u0103 permit\u0103 s\u0103 [\u2026]<\/p>","protected":false},"author":3,"featured_media":0,"parent":0,"menu_order":0,"comment_status":"closed","ping_status":"closed","template":"","meta":{"_uag_custom_page_level_css":"","site-sidebar-layout":"default","site-content-layout":"","ast-site-content-layout":"","site-content-style":"default","site-sidebar-style":"default","ast-global-header-display":"","ast-banner-title-visibility":"","ast-main-header-display":"","ast-hfb-above-header-display":"","ast-hfb-below-header-display":"","ast-hfb-mobile-header-display":"","site-post-title":"","ast-breadcrumbs-content":"","ast-featured-img":"","footer-sml-layout":"","theme-transparent-header-meta":"","adv-header-id-meta":"","stick-header-meta":"","header-above-stick-meta":"","header-main-stick-meta":"","header-below-stick-meta":"","astra-migrate-meta-layouts":"default","ast-page-background-enabled":"default","ast-page-background-meta":{"desktop":{"background-color":"var(--ast-global-color-4)","background-image":"","background-repeat":"repeat","background-position":"center center","background-size":"auto","background-attachment":"scroll","background-type":"","background-media":"","overlay-type":"","overlay-color":"","overlay-opacity":"","overlay-gradient":""},"tablet":{"background-color":"","background-image":"","background-repeat":"repeat","background-position":"center center","background-size":"auto","background-attachment":"scroll","background-type":"","background-media":"","overlay-type":"","overlay-color":"","overlay-opacity":"","overlay-gradient":""},"mobile":{"background-color":"","background-image":"","background-repeat":"repeat","background-position":"center center","background-size":"auto","background-attachment":"scroll","background-type":"","background-media":"","overlay-type":"","overlay-color":"","overlay-opacity":"","overlay-gradient":""}},"ast-content-background-meta":{"desktop":{"background-color":"var(--ast-global-color-5)","background-image":"","background-repeat":"repeat","background-position":"center center","background-size":"auto","background-attachment":"scroll","background-type":"","background-media":"","overlay-type":"","overlay-color":"","overlay-opacity":"","overlay-gradient":""},"tablet":{"background-color":"var(--ast-global-color-5)","background-image":"","background-repeat":"repeat","background-position":"center center","background-size":"auto","background-attachment":"scroll","background-type":"","background-media":"","overlay-type":"","overlay-color":"","overlay-opacity":"","overlay-gradient":""},"mobile":{"background-color":"var(--ast-global-color-5)","background-image":"","background-repeat":"repeat","background-position":"center center","background-size":"auto","background-attachment":"scroll","background-type":"","background-media":"","overlay-type":"","overlay-color":"","overlay-opacity":"","overlay-gradient":""}},"footnotes":""},"yoast_head":"<!-- This site is optimized with the Yoast SEO plugin v23.3 - https:\/\/yoast.com\/wordpress\/plugins\/seo\/ -->\n<title>About - Explora Venue<\/title>\n<meta name=\"robots\" content=\"index, follow, max-snippet:-1, max-image-preview:large, max-video-preview:-1\" \/>\n<link rel=\"canonical\" href=\"https:\/\/exploravenue.com\/ro\/about\/\" \/>\n<meta property=\"og:locale\" content=\"ro_RO\" \/>\n<meta property=\"og:type\" content=\"article\" \/>\n<meta property=\"og:title\" content=\"About - Explora Venue\" \/>\n<meta property=\"og:description\" content=\"Welcome to Explora Venue \u2013 Your Trusted Source for Insight and Inspiration! In a fast-moving world, staying informed isn\u2019t just an advantage\u2014it\u2019s essential. Explora Venue is your go-to platform for navigating the evolving landscapes of careers, personal development, technology, innovation, and travel. Our goal is simple: to provide meaningful, actionable content that empowers you to [&hellip;]\" \/>\n<meta property=\"og:url\" content=\"https:\/\/exploravenue.com\/ro\/about\/\" \/>\n<meta property=\"og:site_name\" content=\"Explora Venue\" \/>\n<meta property=\"article:modified_time\" content=\"2025-03-05T18:51:51+00:00\" \/>\n<meta name=\"twitter:card\" content=\"summary_large_image\" \/>\n<meta name=\"twitter:label1\" content=\"Est. reading time\" \/>\n\t<meta name=\"twitter:data1\" content=\"2 minute\" \/>\n<script type=\"application\/ld+json\" class=\"yoast-schema-graph\">{\"@context\":\"https:\/\/schema.org\",\"@graph\":[{\"@type\":\"WebPage\",\"@id\":\"https:\/\/exploravenue.com\/about\/\",\"url\":\"https:\/\/exploravenue.com\/about\/\",\"name\":\"About - Explora Venue\",\"isPartOf\":{\"@id\":\"https:\/\/exploravenue.com\/#website\"},\"datePublished\":\"2025-03-05T15:59:47+00:00\",\"dateModified\":\"2025-03-05T18:51:51+00:00\",\"breadcrumb\":{\"@id\":\"https:\/\/exploravenue.com\/about\/#breadcrumb\"},\"inLanguage\":\"ro-RO\",\"potentialAction\":[{\"@type\":\"ReadAction\",\"target\":[\"https:\/\/exploravenue.com\/about\/\"]}]},{\"@type\":\"BreadcrumbList\",\"@id\":\"https:\/\/exploravenue.com\/about\/#breadcrumb\",\"itemListElement\":[{\"@type\":\"ListItem\",\"position\":1,\"name\":\"Home\",\"item\":\"https:\/\/exploravenue.com\/\"},{\"@type\":\"ListItem\",\"position\":2,\"name\":\"About\"}]},{\"@type\":\"WebSite\",\"@id\":\"https:\/\/exploravenue.com\/#website\",\"url\":\"https:\/\/exploravenue.com\/\",\"name\":\"Explora Venue\",\"description\":\"\",\"publisher\":{\"@id\":\"https:\/\/exploravenue.com\/#organization\"},\"potentialAction\":[{\"@type\":\"SearchAction\",\"target\":{\"@type\":\"EntryPoint\",\"urlTemplate\":\"https:\/\/exploravenue.com\/?s={search_term_string}\"},\"query-input\":\"required name=search_term_string\"}],\"inLanguage\":\"ro-RO\"},{\"@type\":\"Organization\",\"@id\":\"https:\/\/exploravenue.com\/#organization\",\"name\":\"Explora Venue\",\"url\":\"https:\/\/exploravenue.com\/\",\"logo\":{\"@type\":\"ImageObject\",\"inLanguage\":\"ro-RO\",\"@id\":\"https:\/\/exploravenue.com\/#\/schema\/logo\/image\/\",\"url\":\"https:\/\/exploravenue.com\/wp-content\/uploads\/sites\/225\/2026\/01\/cropped-EV-logo.png\",\"contentUrl\":\"https:\/\/exploravenue.com\/wp-content\/uploads\/sites\/225\/2026\/01\/cropped-EV-logo.png\",\"width\":216,\"height\":242,\"caption\":\"Explora Venue\"},\"image\":{\"@id\":\"https:\/\/exploravenue.com\/#\/schema\/logo\/image\/\"}}]}<\/script>\n<!-- \/ Yoast SEO plugin. -->","yoast_head_json":{"title":"About - Explora Venue","robots":{"index":"index","follow":"follow","max-snippet":"max-snippet:-1","max-image-preview":"max-image-preview:large","max-video-preview":"max-video-preview:-1"},"canonical":"https:\/\/exploravenue.com\/ro\/about\/","og_locale":"ro_RO","og_type":"article","og_title":"About - Explora Venue","og_description":"Welcome to Explora Venue \u2013 Your Trusted Source for Insight and Inspiration! In a fast-moving world, staying informed isn\u2019t just an advantage\u2014it\u2019s essential. Explora Venue is your go-to platform for navigating the evolving landscapes of careers, personal development, technology, innovation, and travel. Our goal is simple: to provide meaningful, actionable content that empowers you to [&hellip;]","og_url":"https:\/\/exploravenue.com\/ro\/about\/","og_site_name":"Explora Venue","article_modified_time":"2025-03-05T18:51:51+00:00","twitter_card":"summary_large_image","twitter_misc":{"Est. reading time":"2 minute"},"schema":{"@context":"https:\/\/schema.org","@graph":[{"@type":"WebPage","@id":"https:\/\/exploravenue.com\/about\/","url":"https:\/\/exploravenue.com\/about\/","name":"About - Explora Venue","isPartOf":{"@id":"https:\/\/exploravenue.com\/#website"},"datePublished":"2025-03-05T15:59:47+00:00","dateModified":"2025-03-05T18:51:51+00:00","breadcrumb":{"@id":"https:\/\/exploravenue.com\/about\/#breadcrumb"},"inLanguage":"ro-RO","potentialAction":[{"@type":"ReadAction","target":["https:\/\/exploravenue.com\/about\/"]}]},{"@type":"BreadcrumbList","@id":"https:\/\/exploravenue.com\/about\/#breadcrumb","itemListElement":[{"@type":"ListItem","position":1,"name":"Home","item":"https:\/\/exploravenue.com\/"},{"@type":"ListItem","position":2,"name":"About"}]},{"@type":"WebSite","@id":"https:\/\/exploravenue.com\/#website","url":"https:\/\/exploravenue.com\/","name":"Explora Venue","description":"","publisher":{"@id":"https:\/\/exploravenue.com\/#organization"},"potentialAction":[{"@type":"SearchAction","target":{"@type":"EntryPoint","urlTemplate":"https:\/\/exploravenue.com\/?s={search_term_string}"},"query-input":"required name=search_term_string"}],"inLanguage":"ro-RO"},{"@type":"Organization","@id":"https:\/\/exploravenue.com\/#organization","name":"Explora Venue","url":"https:\/\/exploravenue.com\/","logo":{"@type":"ImageObject","inLanguage":"ro-RO","@id":"https:\/\/exploravenue.com\/#\/schema\/logo\/image\/","url":"https:\/\/exploravenue.com\/wp-content\/uploads\/sites\/225\/2026\/01\/cropped-EV-logo.png","contentUrl":"https:\/\/exploravenue.com\/wp-content\/uploads\/sites\/225\/2026\/01\/cropped-EV-logo.png","width":216,"height":242,"caption":"Explora Venue"},"image":{"@id":"https:\/\/exploravenue.com\/#\/schema\/logo\/image\/"}}]}},"uagb_featured_image_src":{"full":false,"thumbnail":false,"medium":false,"medium_large":false,"large":false,"1536x1536":false,"2048x2048":false,"trp-custom-language-flag":false},"uagb_author_info":{"display_name":"Bruno Gianni","author_link":"https:\/\/exploravenue.com\/ro\/author\/bcgianni\/"},"uagb_comment_info":0,"uagb_excerpt":"Welcome to Explora Venue \u2013 Your Trusted Source for Insight and Inspiration! In a fast-moving world, staying informed isn\u2019t just an advantage\u2014it\u2019s essential. Explora Venue is your go-to platform for navigating the evolving landscapes of careers, personal development, technology, innovation, and travel. Our goal is simple: to provide meaningful, actionable content that empowers you to&hellip;","_links":{"self":[{"href":"https:\/\/exploravenue.com\/ro\/wp-json\/wp\/v2\/pages\/85"}],"collection":[{"href":"https:\/\/exploravenue.com\/ro\/wp-json\/wp\/v2\/pages"}],"about":[{"href":"https:\/\/exploravenue.com\/ro\/wp-json\/wp\/v2\/types\/page"}],"author":[{"embeddable":true,"href":"https:\/\/exploravenue.com\/ro\/wp-json\/wp\/v2\/users\/3"}],"replies":[{"embeddable":true,"href":"https:\/\/exploravenue.com\/ro\/wp-json\/wp\/v2\/comments?post=85"}],"version-history":[{"count":2,"href":"https:\/\/exploravenue.com\/ro\/wp-json\/wp\/v2\/pages\/85\/revisions"}],"predecessor-version":[{"id":87,"href":"https:\/\/exploravenue.com\/ro\/wp-json\/wp\/v2\/pages\/85\/revisions\/87"}],"wp:attachment":[{"href":"https:\/\/exploravenue.com\/ro\/wp-json\/wp\/v2\/media?parent=85"}],"curies":[{"name":"wp","href":"https:\/\/api.w.org\/{rel}","templated":true}]}}