{"id":430,"date":"2025-06-27T12:13:49","date_gmt":"2025-06-27T12:13:49","guid":{"rendered":"https:\/\/exploravenue.com\/about-us\/"},"modified":"2025-06-27T12:13:57","modified_gmt":"2025-06-27T12:13:57","slug":"about-us","status":"publish","type":"page","link":"https:\/\/exploravenue.com\/ro\/about-us\/","title":{"rendered":"Despre noi"},"content":{"rendered":"<div class=\"wp-block-uagb-container uag-blocks-common-selector uagb-block-d8b2f056 alignfull uagb-is-root-container\"><div class=\"uagb-container-inner-blocks-wrap\">\n<div class=\"wp-block-uagb-advanced-heading uagb-block-6ff4f5ff\"><h1 class=\"uagb-heading-text\">Despre noi<\/h1><\/div>\n\n\n\n<div class=\"wp-block-uagb-image uagb-block-c43d2685 wp-block-uagb-image--layout-default wp-block-uagb-image--effect-static wp-block-uagb-image--align-none uag-blocks-common-selector\" style=\"--z-index-desktop:undefined;;--z-index-tablet:1;;--z-index-mobile:undefined;\"><figure class=\"wp-block-uagb-image__figure\"><img decoding=\"async\" srcset=\"https:\/\/exploravenue.com\/wp-content\/uploads\/sites\/225\/2021\/05\/inner-page-hero-img.jpg ,https:\/\/exploravenue.com\/wp-content\/uploads\/sites\/225\/2021\/05\/inner-page-hero-img.jpg 780w, https:\/\/exploravenue.com\/wp-content\/uploads\/sites\/225\/2021\/05\/inner-page-hero-img.jpg 360w\" sizes=\"(max-width: 480px) 150px\" src=\"https:\/\/exploravenue.com\/wp-content\/uploads\/sites\/225\/2021\/05\/inner-page-hero-img.jpg\" alt=\"\" class=\"uag-image-135\" width=\"600\" height=\"319\" title=\"\" loading=\"lazy\" role=\"img\"\/><\/figure><\/div>\n<\/div><\/div>\n\n\n\n<div class=\"wp-block-uagb-container uag-blocks-common-selector uagb-block-87097184 alignfull uagb-is-root-container\"><div class=\"uagb-container-inner-blocks-wrap\">\n<div class=\"wp-block-uagb-advanced-heading uagb-block-860f22fa\"><h2 class=\"uagb-heading-text\">Antrenor pentru Campioni!<\/h2><\/div>\n\n\n\n<div class=\"wp-block-uagb-container uagb-layout-grid uagb-block-27cc4cd9 alignfull uagb-is-root-container\"><div class=\"uagb-container-inner-blocks-wrap\">\n<div class=\"wp-block-uagb-image uagb-block-e6df50da wp-block-uagb-image--layout-default wp-block-uagb-image--effect-static wp-block-uagb-image--align-none\"><figure class=\"wp-block-uagb-image__figure\"><img decoding=\"async\" srcset=\"https:\/\/exploravenue.com\/wp-content\/uploads\/sites\/225\/2021\/05\/home-about-img.jpg ,https:\/\/exploravenue.com\/wp-content\/uploads\/sites\/225\/2021\/05\/home-about-img.jpg 780w, https:\/\/exploravenue.com\/wp-content\/uploads\/sites\/225\/2021\/05\/home-about-img.jpg 360w\" sizes=\"(max-width: 480px) 150px\" src=\"https:\/\/exploravenue.com\/wp-content\/uploads\/sites\/225\/2021\/05\/home-about-img.jpg\" alt=\"\" class=\"uag-image-80\" width=\"600\" height=\"480\" title=\"\" loading=\"lazy\" role=\"img\"\/><\/figure><\/div>\n\n\n\n<div class=\"wp-block-uagb-info-box uagb-block-87689283 uagb-infobox__content-wrap  uagb-infobox-icon-above-title uagb-infobox-image-valign-top\"><div class=\"uagb-ifb-content\"><div class=\"uagb-ifb-title-wrap\"><h4 class=\"uagb-ifb-title\">S\u0103 ne concentr\u0103m pe venituri, mai multe profituri, echipe productive, fluxuri de numerar \u00eembun\u0103t\u0103\u021bite \u0219i pur \u0219i simplu mai mult\u0103 lini\u0219te sufleteasc\u0103.<\/h4><\/div><p class=\"uagb-ifb-desc\">Cu 10 ani de experien\u021b\u0103 \u00een a ajuta afacerile s\u0103 creasc\u0103, am st\u0103p\u00e2nit abilit\u0103\u021bile de a \u00een\u021belege cerin\u021bele afacerilor, indiferent de industria pe care o deservesc. Clien\u021bii no\u0219tri variaz\u0103 de la startup-uri mici p\u00e2n\u0103 la corpora\u021bii mai mari care doresc s\u0103 \u00ee\u0219i duc\u0103 afacerea la un nivel superior.<br><br>Am ajutat antreprenori s\u0103 \u00eenfiin\u021beze o afacere, s\u0103 construiasc\u0103 echipe productive \u0219i s\u0103 utilizeze la maximum resursele disponibile.<\/p><\/div><\/div>\n<\/div><\/div>\n\n\n\n<div class=\"wp-block-uagb-container uagb-layout-grid uagb-block-41452f58 alignfull uagb-is-root-container\"><div class=\"uagb-container-inner-blocks-wrap\">\n<div class=\"wp-block-uagb-advanced-heading uagb-block-b87c2a9f\"><h3 class=\"uagb-heading-text\">Misiune.<\/h3><p class=\"uagb-desc-text\">Clarific\u0103 priorit\u0103\u021bile, strategiile \u0219i oportunit\u0103\u021bile din cadrul companiilor sau rolurilor pentru a le ajuta s\u0103 ob\u021bin\u0103 rezultatele excep\u021bionale pe care le doresc.<\/p><\/div>\n\n\n\n<div class=\"wp-block-uagb-advanced-heading uagb-block-2e30fbf9\"><h3 class=\"uagb-heading-text\">Viziune.<\/h3><p class=\"uagb-desc-text\">Ne str\u0103duim s\u0103 le oferim clien\u021bilor no\u0219tri o direc\u021bie clar\u0103, o concentrare clar\u0103 \u0219i succes \u00een toate domeniile afacerii lor.<\/p><\/div>\n<\/div><\/div>\n<\/div><\/div>\n\n\n\n<div class=\"wp-block-uagb-container uagb-block-2efce2cd alignfull uagb-is-root-container\"><div class=\"uagb-container-inner-blocks-wrap\">\n<div class=\"wp-block-uagb-advanced-heading uagb-block-d68d0a27\"><h2 class=\"uagb-heading-text\">Echipa noastr\u0103<\/h2><\/div>\n\n\n\n<div class=\"wp-block-uagb-container uagb-block-60faf64a alignfull uagb-is-root-container\"><div class=\"uagb-container-inner-blocks-wrap\">\n<div class=\"wp-block-uagb-info-box uagb-block-9f4422ce uagb-infobox__content-wrap  uagb-infobox-icon-above-title uagb-infobox-image-valign-top wp-block-uagb-info-box--has-margin\"><div class=\"uagb-infobox-margin-wrapper\"><div class=\"uagb-ifb-content\"><div class=\"uagb-ifb-image-content\"><img decoding=\"async\" src=\"https:\/\/exploravenue.com\/wp-content\/uploads\/sites\/225\/2021\/05\/team-1.jpg\" alt=\"\" width=\"500\" height=\"500\" loading=\"lazy\"\/><\/div><div class=\"uagb-ifb-title-wrap\"><span class=\"uagb-ifb-title-prefix\">Martin Stommer<\/span><h6 class=\"uagb-ifb-title\">Fondator \/ CEO<\/h6><\/div><p class=\"uagb-ifb-desc\">Martin este un coach de afaceri consacrat de peste 12 ani. Modul s\u0103u de a oferi coaching \u0219i \u00eendrumare reflect\u0103 natura sa prietenoas\u0103 \u0219i serviabil\u0103.<\/p><\/div><\/div><\/div>\n\n\n\n<div class=\"wp-block-uagb-info-box uagb-block-c3874dab uagb-infobox__content-wrap  uagb-infobox-icon-above-title uagb-infobox-image-valign-top wp-block-uagb-info-box--has-margin\"><div class=\"uagb-infobox-margin-wrapper\"><div class=\"uagb-ifb-content\"><div class=\"uagb-ifb-image-content\"><img decoding=\"async\" src=\"https:\/\/exploravenue.com\/wp-content\/uploads\/sites\/225\/2021\/05\/team-2.jpg\" alt=\"\" width=\"500\" height=\"500\" loading=\"lazy\"\/><\/div><div class=\"uagb-ifb-title-wrap\"><span class=\"uagb-ifb-title-prefix\">Barbara Cooper<\/span><h6 class=\"uagb-ifb-title\">Fondator \/ CEO<\/h6><\/div><p class=\"uagb-ifb-desc\">Barbara este o coach premiat\u0103 care a ajutat peste 25 de afaceri s\u0103 porneasc\u0103 \u0219i s\u0103 prospere online. \u00cei place s\u0103 interac\u021bioneze \u0219i s\u0103-\u0219i fac\u0103 prieteni.<\/p><\/div><\/div><\/div>\n\n\n\n<div class=\"wp-block-uagb-info-box uagb-block-e98108b0 uagb-infobox__content-wrap  uagb-infobox-icon-above-title uagb-infobox-image-valign-top wp-block-uagb-info-box--has-margin\"><div class=\"uagb-infobox-margin-wrapper\"><div class=\"uagb-ifb-content\"><div class=\"uagb-ifb-image-content\"><img decoding=\"async\" src=\"https:\/\/exploravenue.com\/wp-content\/uploads\/sites\/225\/2021\/05\/team-3-1.jpg\" alt=\"\" width=\"500\" height=\"500\" loading=\"lazy\"\/><\/div><div class=\"uagb-ifb-title-wrap\"><span class=\"uagb-ifb-title-prefix\">Jason Ester<\/span><h6 class=\"uagb-ifb-title\">Fondator \/ CEO<\/h6><\/div><p class=\"uagb-ifb-desc\">Absolvent al uneia dintre cele mai importante universit\u0103\u021bi \u0219i expert \u00een dezvoltarea afacerilor IT, Jason a fost prieten \u0219i ghid pentru mul\u021bi antreprenori \u00een devenire.<\/p><\/div><\/div><\/div>\n<\/div><\/div>\n<\/div><\/div>\n\n\n\n<div class=\"wp-block-uagb-container uagb-block-05fd2311 alignfull uagb-is-root-container\"><div class=\"uagb-container-inner-blocks-wrap\">\n<div class=\"wp-block-uagb-info-box uagb-block-5f43401b uagb-infobox__content-wrap  uagb-infobox-icon-above-title uagb-infobox-image-valign-top wp-block-uagb-info-box--has-margin\"><div class=\"uagb-infobox-margin-wrapper\"><div class=\"uagb-ifb-content\"><div class=\"uagb-ifb-title-wrap\"><h2 class=\"uagb-ifb-title\">Dep\u0103\u0219e\u0219te-\u021bi obstacolele. Ob\u021bine Coaching de Afaceri, Ast\u0103zi!<\/h2><\/div><div class=\"uagb-ifb-button-wrapper wp-block-button\"><a href=\"#\" class=\"uagb-infobox-cta-link wp-block-button__link\" target=\"_self\" rel=\"noopener noreferrer\" onclick=\"return false;\"><span class=\"uagb-inline-editing\">consulta\u021bie de carte<\/span><\/a><\/div><\/div><\/div><\/div>\n<\/div><\/div>","protected":false},"excerpt":{"rendered":"<p>Despre noi Coaching pentru campioni! Misiune. Aducerea de claritate asupra priorit\u0103\u021bilor, strategiilor \u0219i oportunit\u0103\u021bilor din cadrul afacerilor sau rolurilor pentru a le ajuta s\u0103 ob\u021bin\u0103 rezultatele excep\u021bionale pe care le doresc. Viziune. Ne str\u0103duim s\u0103 le permitem clien\u021bilor no\u0219tri s\u0103 aib\u0103 o direc\u021bie clar\u0103, s\u0103 se concentreze \u0219i s\u0103 ob\u021bin\u0103 succesul \u00een toate domeniile afacerii lor. Echipa noastr\u0103<\/p>","protected":false},"author":2,"featured_media":0,"parent":0,"menu_order":0,"comment_status":"closed","ping_status":"closed","template":"","meta":{"_uag_custom_page_level_css":"","site-sidebar-layout":"no-sidebar","site-content-layout":"plain-container","ast-site-content-layout":"normal-width-container","site-content-style":"unboxed","site-sidebar-style":"unboxed","ast-global-header-display":"","ast-banner-title-visibility":"","ast-main-header-display":"","ast-hfb-above-header-display":"","ast-hfb-below-header-display":"","ast-hfb-mobile-header-display":"","site-post-title":"disabled","ast-breadcrumbs-content":"","ast-featured-img":"","footer-sml-layout":"","theme-transparent-header-meta":"default","adv-header-id-meta":"","stick-header-meta":"","header-above-stick-meta":"","header-main-stick-meta":"","header-below-stick-meta":"","astra-migrate-meta-layouts":"set","ast-page-background-enabled":"default","ast-page-background-meta":{"desktop":{"background-color":"var(--ast-global-color-4)","background-image":"","background-repeat":"repeat","background-position":"center center","background-size":"auto","background-attachment":"scroll","background-type":"","background-media":"","overlay-type":"","overlay-color":"","overlay-opacity":"","overlay-gradient":""},"tablet":{"background-color":"","background-image":"","background-repeat":"repeat","background-position":"center center","background-size":"auto","background-attachment":"scroll","background-type":"","background-media":"","overlay-type":"","overlay-color":"","overlay-opacity":"","overlay-gradient":""},"mobile":{"background-color":"","background-image":"","background-repeat":"repeat","background-position":"center center","background-size":"auto","background-attachment":"scroll","background-type":"","background-media":"","overlay-type":"","overlay-color":"","overlay-opacity":"","overlay-gradient":""}},"ast-content-background-meta":{"desktop":{"background-color":"var(--ast-global-color-5)","background-image":"","background-repeat":"repeat","background-position":"center center","background-size":"auto","background-attachment":"scroll","background-type":"","background-media":"","overlay-type":"","overlay-color":"","overlay-opacity":"","overlay-gradient":""},"tablet":{"background-color":"var(--ast-global-color-5)","background-image":"","background-repeat":"repeat","background-position":"center center","background-size":"auto","background-attachment":"scroll","background-type":"","background-media":"","overlay-type":"","overlay-color":"","overlay-opacity":"","overlay-gradient":""},"mobile":{"background-color":"var(--ast-global-color-5)","background-image":"","background-repeat":"repeat","background-position":"center center","background-size":"auto","background-attachment":"scroll","background-type":"","background-media":"","overlay-type":"","overlay-color":"","overlay-opacity":"","overlay-gradient":""}},"footnotes":""},"yoast_head":"<!-- This site is optimized with the Yoast SEO plugin v23.3 - https:\/\/yoast.com\/wordpress\/plugins\/seo\/ -->\n<title>About Us - Explora Venue<\/title>\n<meta name=\"robots\" content=\"index, follow, max-snippet:-1, max-image-preview:large, max-video-preview:-1\" \/>\n<link rel=\"canonical\" href=\"https:\/\/exploravenue.com\/ro\/about-us\/\" \/>\n<meta property=\"og:locale\" content=\"ro_RO\" \/>\n<meta property=\"og:type\" content=\"article\" \/>\n<meta property=\"og:title\" content=\"About Us - Explora Venue\" \/>\n<meta property=\"og:description\" content=\"About Us Coaching for Champions!\u200b Mission. Bring clarity to the priorities, strategies and opportunities within businesses or roles to help them achieve the exceptional results they desire. Vision. We strive to enable our clients to have clear direction, focus and achieve success in all the areas of their business. Our Team\" \/>\n<meta property=\"og:url\" content=\"https:\/\/exploravenue.com\/ro\/about-us\/\" \/>\n<meta property=\"og:site_name\" content=\"Explora Venue\" \/>\n<meta property=\"article:modified_time\" content=\"2025-06-27T12:13:57+00:00\" \/>\n<meta property=\"og:image\" content=\"https:\/\/exploravenue.com\/wp-content\/uploads\/sites\/225\/2021\/05\/inner-page-hero-img.jpg\" \/>\n<meta name=\"twitter:card\" content=\"summary_large_image\" \/>\n<meta name=\"twitter:label1\" content=\"Est. reading time\" \/>\n\t<meta name=\"twitter:data1\" content=\"2 minute\" \/>\n<script type=\"application\/ld+json\" class=\"yoast-schema-graph\">{\"@context\":\"https:\/\/schema.org\",\"@graph\":[{\"@type\":\"WebPage\",\"@id\":\"https:\/\/exploravenue.com\/about-us\/\",\"url\":\"https:\/\/exploravenue.com\/about-us\/\",\"name\":\"About Us - Explora Venue\",\"isPartOf\":{\"@id\":\"https:\/\/exploravenue.com\/#website\"},\"primaryImageOfPage\":{\"@id\":\"https:\/\/exploravenue.com\/about-us\/#primaryimage\"},\"image\":{\"@id\":\"https:\/\/exploravenue.com\/about-us\/#primaryimage\"},\"thumbnailUrl\":\"https:\/\/exploravenue.com\/wp-content\/uploads\/sites\/225\/2021\/05\/inner-page-hero-img.jpg\",\"datePublished\":\"2025-06-27T12:13:49+00:00\",\"dateModified\":\"2025-06-27T12:13:57+00:00\",\"breadcrumb\":{\"@id\":\"https:\/\/exploravenue.com\/about-us\/#breadcrumb\"},\"inLanguage\":\"ro-RO\",\"potentialAction\":[{\"@type\":\"ReadAction\",\"target\":[\"https:\/\/exploravenue.com\/about-us\/\"]}]},{\"@type\":\"ImageObject\",\"inLanguage\":\"ro-RO\",\"@id\":\"https:\/\/exploravenue.com\/about-us\/#primaryimage\",\"url\":\"https:\/\/exploravenue.com\/wp-content\/uploads\/sites\/225\/2021\/05\/inner-page-hero-img.jpg\",\"contentUrl\":\"https:\/\/exploravenue.com\/wp-content\/uploads\/sites\/225\/2021\/05\/inner-page-hero-img.jpg\"},{\"@type\":\"BreadcrumbList\",\"@id\":\"https:\/\/exploravenue.com\/about-us\/#breadcrumb\",\"itemListElement\":[{\"@type\":\"ListItem\",\"position\":1,\"name\":\"Home\",\"item\":\"https:\/\/exploravenue.com\/\"},{\"@type\":\"ListItem\",\"position\":2,\"name\":\"About Us\"}]},{\"@type\":\"WebSite\",\"@id\":\"https:\/\/exploravenue.com\/#website\",\"url\":\"https:\/\/exploravenue.com\/\",\"name\":\"Explora Venue\",\"description\":\"\",\"publisher\":{\"@id\":\"https:\/\/exploravenue.com\/#organization\"},\"potentialAction\":[{\"@type\":\"SearchAction\",\"target\":{\"@type\":\"EntryPoint\",\"urlTemplate\":\"https:\/\/exploravenue.com\/?s={search_term_string}\"},\"query-input\":\"required name=search_term_string\"}],\"inLanguage\":\"ro-RO\"},{\"@type\":\"Organization\",\"@id\":\"https:\/\/exploravenue.com\/#organization\",\"name\":\"Explora Venue\",\"url\":\"https:\/\/exploravenue.com\/\",\"logo\":{\"@type\":\"ImageObject\",\"inLanguage\":\"ro-RO\",\"@id\":\"https:\/\/exploravenue.com\/#\/schema\/logo\/image\/\",\"url\":\"https:\/\/exploravenue.com\/wp-content\/uploads\/sites\/225\/2026\/01\/cropped-EV-logo.png\",\"contentUrl\":\"https:\/\/exploravenue.com\/wp-content\/uploads\/sites\/225\/2026\/01\/cropped-EV-logo.png\",\"width\":216,\"height\":242,\"caption\":\"Explora Venue\"},\"image\":{\"@id\":\"https:\/\/exploravenue.com\/#\/schema\/logo\/image\/\"}}]}<\/script>\n<!-- \/ Yoast SEO plugin. -->","yoast_head_json":{"title":"About Us - Explora Venue","robots":{"index":"index","follow":"follow","max-snippet":"max-snippet:-1","max-image-preview":"max-image-preview:large","max-video-preview":"max-video-preview:-1"},"canonical":"https:\/\/exploravenue.com\/ro\/about-us\/","og_locale":"ro_RO","og_type":"article","og_title":"About Us - Explora Venue","og_description":"About Us Coaching for Champions!\u200b Mission. Bring clarity to the priorities, strategies and opportunities within businesses or roles to help them achieve the exceptional results they desire. Vision. We strive to enable our clients to have clear direction, focus and achieve success in all the areas of their business. Our Team","og_url":"https:\/\/exploravenue.com\/ro\/about-us\/","og_site_name":"Explora Venue","article_modified_time":"2025-06-27T12:13:57+00:00","og_image":[{"url":"https:\/\/exploravenue.com\/wp-content\/uploads\/sites\/225\/2021\/05\/inner-page-hero-img.jpg"}],"twitter_card":"summary_large_image","twitter_misc":{"Est. reading time":"2 minute"},"schema":{"@context":"https:\/\/schema.org","@graph":[{"@type":"WebPage","@id":"https:\/\/exploravenue.com\/about-us\/","url":"https:\/\/exploravenue.com\/about-us\/","name":"About Us - Explora Venue","isPartOf":{"@id":"https:\/\/exploravenue.com\/#website"},"primaryImageOfPage":{"@id":"https:\/\/exploravenue.com\/about-us\/#primaryimage"},"image":{"@id":"https:\/\/exploravenue.com\/about-us\/#primaryimage"},"thumbnailUrl":"https:\/\/exploravenue.com\/wp-content\/uploads\/sites\/225\/2021\/05\/inner-page-hero-img.jpg","datePublished":"2025-06-27T12:13:49+00:00","dateModified":"2025-06-27T12:13:57+00:00","breadcrumb":{"@id":"https:\/\/exploravenue.com\/about-us\/#breadcrumb"},"inLanguage":"ro-RO","potentialAction":[{"@type":"ReadAction","target":["https:\/\/exploravenue.com\/about-us\/"]}]},{"@type":"ImageObject","inLanguage":"ro-RO","@id":"https:\/\/exploravenue.com\/about-us\/#primaryimage","url":"https:\/\/exploravenue.com\/wp-content\/uploads\/sites\/225\/2021\/05\/inner-page-hero-img.jpg","contentUrl":"https:\/\/exploravenue.com\/wp-content\/uploads\/sites\/225\/2021\/05\/inner-page-hero-img.jpg"},{"@type":"BreadcrumbList","@id":"https:\/\/exploravenue.com\/about-us\/#breadcrumb","itemListElement":[{"@type":"ListItem","position":1,"name":"Home","item":"https:\/\/exploravenue.com\/"},{"@type":"ListItem","position":2,"name":"About Us"}]},{"@type":"WebSite","@id":"https:\/\/exploravenue.com\/#website","url":"https:\/\/exploravenue.com\/","name":"Explora Venue","description":"","publisher":{"@id":"https:\/\/exploravenue.com\/#organization"},"potentialAction":[{"@type":"SearchAction","target":{"@type":"EntryPoint","urlTemplate":"https:\/\/exploravenue.com\/?s={search_term_string}"},"query-input":"required name=search_term_string"}],"inLanguage":"ro-RO"},{"@type":"Organization","@id":"https:\/\/exploravenue.com\/#organization","name":"Explora Venue","url":"https:\/\/exploravenue.com\/","logo":{"@type":"ImageObject","inLanguage":"ro-RO","@id":"https:\/\/exploravenue.com\/#\/schema\/logo\/image\/","url":"https:\/\/exploravenue.com\/wp-content\/uploads\/sites\/225\/2026\/01\/cropped-EV-logo.png","contentUrl":"https:\/\/exploravenue.com\/wp-content\/uploads\/sites\/225\/2026\/01\/cropped-EV-logo.png","width":216,"height":242,"caption":"Explora Venue"},"image":{"@id":"https:\/\/exploravenue.com\/#\/schema\/logo\/image\/"}}]}},"uagb_featured_image_src":{"full":false,"thumbnail":false,"medium":false,"medium_large":false,"large":false,"1536x1536":false,"2048x2048":false,"trp-custom-language-flag":false},"uagb_author_info":{"display_name":"lcgianni","author_link":"https:\/\/exploravenue.com\/ro\/author\/lcgianni\/"},"uagb_comment_info":0,"uagb_excerpt":"About Us Coaching for Champions!\u200b Mission. Bring clarity to the priorities, strategies and opportunities within businesses or roles to help them achieve the exceptional results they desire. Vision. We strive to enable our clients to have clear direction, focus and achieve success in all the areas of their business. Our Team","_links":{"self":[{"href":"https:\/\/exploravenue.com\/ro\/wp-json\/wp\/v2\/pages\/430"}],"collection":[{"href":"https:\/\/exploravenue.com\/ro\/wp-json\/wp\/v2\/pages"}],"about":[{"href":"https:\/\/exploravenue.com\/ro\/wp-json\/wp\/v2\/types\/page"}],"author":[{"embeddable":true,"href":"https:\/\/exploravenue.com\/ro\/wp-json\/wp\/v2\/users\/2"}],"replies":[{"embeddable":true,"href":"https:\/\/exploravenue.com\/ro\/wp-json\/wp\/v2\/comments?post=430"}],"version-history":[{"count":1,"href":"https:\/\/exploravenue.com\/ro\/wp-json\/wp\/v2\/pages\/430\/revisions"}],"predecessor-version":[{"id":437,"href":"https:\/\/exploravenue.com\/ro\/wp-json\/wp\/v2\/pages\/430\/revisions\/437"}],"wp:attachment":[{"href":"https:\/\/exploravenue.com\/ro\/wp-json\/wp\/v2\/media?parent=430"}],"curies":[{"name":"wp","href":"https:\/\/api.w.org\/{rel}","templated":true}]}}