{"id":85,"date":"2025-03-05T15:59:47","date_gmt":"2025-03-05T15:59:47","guid":{"rendered":"https:\/\/exploravenue.com\/?page_id=85"},"modified":"2025-03-05T18:51:51","modified_gmt":"2025-03-05T18:51:51","slug":"about","status":"publish","type":"page","link":"https:\/\/exploravenue.com\/gd\/about\/","title":{"rendered":"Mu dheidhinn"},"content":{"rendered":"<p><strong>F\u00e0ilte gu Explora Venue \u2013 An st\u00f2r earbsach agad airson l\u00e8irsinn agus brosnachadh<\/strong>!<\/p>\n\n\n\n<p>Ann an saoghal a tha ag atharrachadh gu luath, chan e d\u00ecreach buannachd a th\u2019 ann a bhith fiosraichte \u2013 tha e riatanach. \u2019S e Explora Venue an \u00e0rd-\u00f9rlar as fhe\u00e0rr leat airson se\u00f2ladh tro chruthan-t\u00ecre atharrachail dhreuchdan, leasachadh pearsanta, teicne\u00f2lais, \u00f9r-ghn\u00e0thachaidh agus siubhail. Tha ar n-amas s\u00ecmplidh: susbaint bhr\u00ecoghmhor, obrachail a thoirt seachad a bheir cumhachd dhut na miannan agad a choileanadh agus fuireach air thoiseach air a\u2019 ch\u00f9is.<\/p>\n\n\n\n<h2 class=\"wp-block-heading\">Na gheibh thu an seo<\/h2>\n\n\n\n<p>Aig Explora Venue, tha sinn a\u2019 creidsinn gur e e\u00f2las a bhios a\u2019 brosnachadh adhartais. Sin as coireach gun do chuir sinn ar susbaint ri ch\u00e8ile ann an c\u00f2ig pr\u00ecomh raointean a chaidh a dhealbhadh gus do chuideachadh le bhith a\u2019 f\u00e0s, ag atharrachadh agus a\u2019 soirbheachadh:<\/p>\n\n\n\n<h3 class=\"wp-block-heading\">Dreuchd<\/h3>\n\n\n\n<ul>\n<li>A\u2019 cur do shlighe proifeasanta air adhart \u2013 ro-innleachdan dearbhte airson f\u00e0s dreuchdail, l\u00econrachadh, agus cinneasachd a mheudachadh.<\/li>\n\n\n\n<li>\u00c0m ri Teachd na h-Obrach \u2013 Fuirich air thoiseach air gluasadan san \u00e0ite-obrach, bho obraichean iomallach gu obair neo-cheangailte agus \u00e0rdachadh dhreuchdan didseatach.<\/li>\n\n\n\n<li>Sgilean Riatanach airson an Am\u00e0ireach \u2013 Rannsaich na sgilean as m\u00f2r-ch\u00f2rdte agus mar a leasaicheas tu iad gus fuireach farpaiseach.<\/li>\n<\/ul>\n\n\n\n<h3 class=\"wp-block-heading\">F\u00e0s Pearsanta<\/h3>\n\n\n\n<ul>\n<li>Inntinn airson Soirbheachas \u2013 Modhan practaigeach airson seasmhachd, suidheachadh amasan, agus faighinn thairis air d\u00f9bhlain.<\/li>\n\n\n\n<li>Cothromachadh &amp; Sunnd \u2013 Molaidhean airson co-sheirm obrach is beatha a riaghladh agus d\u00f2igh-beatha l\u00e0n-thoilichte a chumail suas.<\/li>\n\n\n\n<li>Saorsa Ionmhais \u2013 Ro-innleachdan glic airson s\u00e0bhaladh, tasgadh, agus d\u00e8anamh cinnteach \u00e0 d\u2019 \u00e0m ri teachd ionmhais.<\/li>\n<\/ul>\n\n\n\n<h3 class=\"wp-block-heading\">Nuadh-chruthachadh<\/h3>\n\n\n\n<ul>\n<li>Teicne\u00f2las a tha ag atharrachadh an t-saoghail \u2013 Beachdan air AI, blockchain, bith-theicne\u00f2las, agus barrachd.<\/li>\n\n\n\n<li>Iomairtean &amp; Gn\u00ecomhachasan T\u00f2iseachaidh \u2013 Na gluasadan as \u00f9ire, comhairle e\u00f2lach, agus sgeulachdan soirbheachais gus do bheachdan gn\u00ecomhachais a bhrosnachadh.<\/li>\n\n\n\n<li>Seasmhachd &amp; Adhartas \u2013 Mar a tha innleachdan \u00f9r-ghn\u00e0thach a\u2019 cruthachadh \u00e0m ri teachd nas uaine.<\/li>\n<\/ul>\n\n\n\n<h3 class=\"wp-block-heading\">Gluasadan Teicne\u00f2lais<\/h3>\n\n\n\n<ul>\n<li>An Gluasad Didseatach \u2013 Mar a tha cruth-atharrachadh didseatach ag ath-mh\u00ecneachadh ghn\u00ecomhachasan agus beatha l\u00e0itheil.<\/li>\n\n\n\n<li>\u00c0m ri Teachd Ceangail \u2013 D\u00e8 tha 5G agus teicne\u00f2las an ath ghinealaich a\u2019 ciallachadh don t-saoghal.<\/li>\n\n\n\n<li>S\u00e0bhailteachd is Pr\u00ecobhaideachd air-loidhne \u2013 Fuirich fo dh\u00econ san aois dhidseatach le l\u00e8irsinn t\u00e8arainteachd riatanach.<\/li>\n<\/ul>\n\n\n\n<h3 class=\"wp-block-heading\">Siubhal<\/h3>\n\n\n\n<ul>\n<li>Eachdraidhean Seasmhach \u2013 Siubhail gu ciallach agus aig an aon \u00e0m a\u2019 lughdachadh do lorg-coise \u00e0rainneachdail.<\/li>\n\n\n\n<li>Tumadh Cultarach \u2013 Faigh a-mach cinn-uidhe gun samhail agus e\u00f2lasan br\u00ecoghmhor.<\/li>\n\n\n\n<li>Obraich is Rannsaich \u2013 Maighstirich ealain a bhith a\u2019 measgachadh obair iomallach le rannsachadh cruinneil.<\/li>\n<\/ul>\n\n\n\n<h2 class=\"wp-block-heading\">Carson a bu ch\u00f2ir dhut \u00e0ite Explora a thaghadh?<\/h2>\n\n\n\n<p>Is e ar dealas a thaobh susbaint luachmhor, air a rannsachadh gu math, a l\u00ecbhrigeadh a tha a\u2019 dol nas fhaide na an uachdar a tha gar d\u00e8anamh eadar-dhealaichte. Chan e d\u00ecreach l\u00e0rach-l\u00ecn eile a th\u2019 annainn\u2014tha sinn nar goireas a chaidh a dhealbhadh gus gn\u00ecomh a bhrosnachadh, fiosrachd a bhrosnachadh, agus l\u00e8irsinn fh\u00ecor a thoirt seachad.<\/p>\n\n\n\n<h3 class=\"wp-block-heading\">Na tha sinn a\u2019 seasamh air a shon:<\/h3>\n\n\n\n<ul>\n<li>Fiosrachadh Earbsach, \u00d9raichte \u2013 Tha gach artaigil st\u00e8idhichte air rannsachadh earbsach agus gluasadan san t-saoghal fh\u00ecor.<\/li>\n\n\n\n<li>Susbaint Tarraingeach is Practaigeach \u2013 Bidh sinn a\u2019 briseadh s\u00ecos chuspairean iom-fhillte gu l\u00e8irsinn a tha furasta a chn\u00e0mh agus feumail.<\/li>\n\n\n\n<li>\u00c0ite airson F\u00e0s is Lorg \u2013 Barrachd air d\u00ecreach fiosrachadh\u2014tha sinn gad bhrosnachadh gus gn\u00ecomh a ghabhail agus leasachadh.<\/li>\n<\/ul>\n\n\n\n<h2 class=\"wp-block-heading\">T\u00f2isichidh sinn!<\/h2>\n\n\n\n<p>Co-dhi\u00f9 a tha thu nad phroifeasanta a tha airson f\u00e0s, nad neach-dealasach teicne\u00f2lais a tha a\u2019 cumail fiosraichte, no nad rannsachair a tha a\u2019 sireadh e\u00f2lasan \u00f9ra, tha Explora Venue an seo gus do sti\u00f9ireadh. Leugh na h-artaigilean as \u00f9ire againn, ceangail rinn, agus bi nad ph\u00e0irt de choimhearsnachd a tha a\u2019 cur luach air e\u00f2las agus adhartas.<\/p>\n\n\n\n<p>Deiseil airson sgr\u00f9dadh? Thoir s\u00f9il air an t-susbaint as \u00f9ire againn, thoir s\u00f9il air a\u2019 Phoileasaidh Pr\u00ecobhaideachd againn, no cuir fios thugainn an-diugh<\/p>","protected":false},"excerpt":{"rendered":"<p>F\u00e0ilte gu Explora Venue \u2013 An St\u00f2r Earbsach agad airson L\u00e8irsinn is Brosnachadh! Ann an saoghal a tha ag atharrachadh gu luath, chan e d\u00ecreach buannachd a th\u2019 ann a bhith fiosraichte \u2013 tha e riatanach. \u2019S e Explora Venue an \u00e0rd-\u00f9rlar as fhe\u00e0rr leat airson se\u00f2ladh tro chruthan-t\u00ecre atharrachail dhreuchdan, leasachadh pearsanta, teicne\u00f2lais, \u00f9r-ghn\u00e0thachaidh agus siubhail. Tha ar n-amas s\u00ecmplidh: susbaint bhr\u00ecoghmhor, obrachail a thoirt seachad a bheir cumhachd dhut [\u2026]<\/p>","protected":false},"author":3,"featured_media":0,"parent":0,"menu_order":0,"comment_status":"closed","ping_status":"closed","template":"","meta":{"_uag_custom_page_level_css":"","site-sidebar-layout":"default","site-content-layout":"","ast-site-content-layout":"","site-content-style":"default","site-sidebar-style":"default","ast-global-header-display":"","ast-banner-title-visibility":"","ast-main-header-display":"","ast-hfb-above-header-display":"","ast-hfb-below-header-display":"","ast-hfb-mobile-header-display":"","site-post-title":"","ast-breadcrumbs-content":"","ast-featured-img":"","footer-sml-layout":"","theme-transparent-header-meta":"","adv-header-id-meta":"","stick-header-meta":"","header-above-stick-meta":"","header-main-stick-meta":"","header-below-stick-meta":"","astra-migrate-meta-layouts":"default","ast-page-background-enabled":"default","ast-page-background-meta":{"desktop":{"background-color":"var(--ast-global-color-4)","background-image":"","background-repeat":"repeat","background-position":"center center","background-size":"auto","background-attachment":"scroll","background-type":"","background-media":"","overlay-type":"","overlay-color":"","overlay-opacity":"","overlay-gradient":""},"tablet":{"background-color":"","background-image":"","background-repeat":"repeat","background-position":"center center","background-size":"auto","background-attachment":"scroll","background-type":"","background-media":"","overlay-type":"","overlay-color":"","overlay-opacity":"","overlay-gradient":""},"mobile":{"background-color":"","background-image":"","background-repeat":"repeat","background-position":"center center","background-size":"auto","background-attachment":"scroll","background-type":"","background-media":"","overlay-type":"","overlay-color":"","overlay-opacity":"","overlay-gradient":""}},"ast-content-background-meta":{"desktop":{"background-color":"var(--ast-global-color-5)","background-image":"","background-repeat":"repeat","background-position":"center center","background-size":"auto","background-attachment":"scroll","background-type":"","background-media":"","overlay-type":"","overlay-color":"","overlay-opacity":"","overlay-gradient":""},"tablet":{"background-color":"var(--ast-global-color-5)","background-image":"","background-repeat":"repeat","background-position":"center center","background-size":"auto","background-attachment":"scroll","background-type":"","background-media":"","overlay-type":"","overlay-color":"","overlay-opacity":"","overlay-gradient":""},"mobile":{"background-color":"var(--ast-global-color-5)","background-image":"","background-repeat":"repeat","background-position":"center center","background-size":"auto","background-attachment":"scroll","background-type":"","background-media":"","overlay-type":"","overlay-color":"","overlay-opacity":"","overlay-gradient":""}},"footnotes":""},"yoast_head":"<!-- This site is optimized with the Yoast SEO plugin v23.3 - https:\/\/yoast.com\/wordpress\/plugins\/seo\/ -->\n<title>About - Explora Venue<\/title>\n<meta name=\"robots\" content=\"index, follow, max-snippet:-1, max-image-preview:large, max-video-preview:-1\" \/>\n<link rel=\"canonical\" href=\"https:\/\/exploravenue.com\/gd\/about\/\" \/>\n<meta property=\"og:locale\" content=\"en_US\" \/>\n<meta property=\"og:type\" content=\"article\" \/>\n<meta property=\"og:title\" content=\"About - Explora Venue\" \/>\n<meta property=\"og:description\" content=\"Welcome to Explora Venue \u2013 Your Trusted Source for Insight and Inspiration! In a fast-moving world, staying informed isn\u2019t just an advantage\u2014it\u2019s essential. Explora Venue is your go-to platform for navigating the evolving landscapes of careers, personal development, technology, innovation, and travel. Our goal is simple: to provide meaningful, actionable content that empowers you to [&hellip;]\" \/>\n<meta property=\"og:url\" content=\"https:\/\/exploravenue.com\/gd\/about\/\" \/>\n<meta property=\"og:site_name\" content=\"Explora Venue\" \/>\n<meta property=\"article:modified_time\" content=\"2025-03-05T18:51:51+00:00\" \/>\n<meta name=\"twitter:card\" content=\"summary_large_image\" \/>\n<meta name=\"twitter:label1\" content=\"Est. reading time\" \/>\n\t<meta name=\"twitter:data1\" content=\"2 minutes\" \/>\n<script type=\"application\/ld+json\" class=\"yoast-schema-graph\">{\"@context\":\"https:\/\/schema.org\",\"@graph\":[{\"@type\":\"WebPage\",\"@id\":\"https:\/\/exploravenue.com\/about\/\",\"url\":\"https:\/\/exploravenue.com\/about\/\",\"name\":\"About - Explora Venue\",\"isPartOf\":{\"@id\":\"https:\/\/exploravenue.com\/#website\"},\"datePublished\":\"2025-03-05T15:59:47+00:00\",\"dateModified\":\"2025-03-05T18:51:51+00:00\",\"breadcrumb\":{\"@id\":\"https:\/\/exploravenue.com\/about\/#breadcrumb\"},\"inLanguage\":\"gd\",\"potentialAction\":[{\"@type\":\"ReadAction\",\"target\":[\"https:\/\/exploravenue.com\/about\/\"]}]},{\"@type\":\"BreadcrumbList\",\"@id\":\"https:\/\/exploravenue.com\/about\/#breadcrumb\",\"itemListElement\":[{\"@type\":\"ListItem\",\"position\":1,\"name\":\"Home\",\"item\":\"https:\/\/exploravenue.com\/\"},{\"@type\":\"ListItem\",\"position\":2,\"name\":\"About\"}]},{\"@type\":\"WebSite\",\"@id\":\"https:\/\/exploravenue.com\/#website\",\"url\":\"https:\/\/exploravenue.com\/\",\"name\":\"Explora Venue\",\"description\":\"\",\"publisher\":{\"@id\":\"https:\/\/exploravenue.com\/#organization\"},\"potentialAction\":[{\"@type\":\"SearchAction\",\"target\":{\"@type\":\"EntryPoint\",\"urlTemplate\":\"https:\/\/exploravenue.com\/?s={search_term_string}\"},\"query-input\":\"required name=search_term_string\"}],\"inLanguage\":\"gd\"},{\"@type\":\"Organization\",\"@id\":\"https:\/\/exploravenue.com\/#organization\",\"name\":\"Explora Venue\",\"url\":\"https:\/\/exploravenue.com\/\",\"logo\":{\"@type\":\"ImageObject\",\"inLanguage\":\"gd\",\"@id\":\"https:\/\/exploravenue.com\/#\/schema\/logo\/image\/\",\"url\":\"https:\/\/exploravenue.com\/wp-content\/uploads\/sites\/225\/2026\/01\/cropped-EV-logo.png\",\"contentUrl\":\"https:\/\/exploravenue.com\/wp-content\/uploads\/sites\/225\/2026\/01\/cropped-EV-logo.png\",\"width\":216,\"height\":242,\"caption\":\"Explora Venue\"},\"image\":{\"@id\":\"https:\/\/exploravenue.com\/#\/schema\/logo\/image\/\"}}]}<\/script>\n<!-- \/ Yoast SEO plugin. -->","yoast_head_json":{"title":"About - Explora Venue","robots":{"index":"index","follow":"follow","max-snippet":"max-snippet:-1","max-image-preview":"max-image-preview:large","max-video-preview":"max-video-preview:-1"},"canonical":"https:\/\/exploravenue.com\/gd\/about\/","og_locale":"en_US","og_type":"article","og_title":"About - Explora Venue","og_description":"Welcome to Explora Venue \u2013 Your Trusted Source for Insight and Inspiration! In a fast-moving world, staying informed isn\u2019t just an advantage\u2014it\u2019s essential. Explora Venue is your go-to platform for navigating the evolving landscapes of careers, personal development, technology, innovation, and travel. Our goal is simple: to provide meaningful, actionable content that empowers you to [&hellip;]","og_url":"https:\/\/exploravenue.com\/gd\/about\/","og_site_name":"Explora Venue","article_modified_time":"2025-03-05T18:51:51+00:00","twitter_card":"summary_large_image","twitter_misc":{"Est. reading time":"2 minutes"},"schema":{"@context":"https:\/\/schema.org","@graph":[{"@type":"WebPage","@id":"https:\/\/exploravenue.com\/about\/","url":"https:\/\/exploravenue.com\/about\/","name":"About - Explora Venue","isPartOf":{"@id":"https:\/\/exploravenue.com\/#website"},"datePublished":"2025-03-05T15:59:47+00:00","dateModified":"2025-03-05T18:51:51+00:00","breadcrumb":{"@id":"https:\/\/exploravenue.com\/about\/#breadcrumb"},"inLanguage":"gd","potentialAction":[{"@type":"ReadAction","target":["https:\/\/exploravenue.com\/about\/"]}]},{"@type":"BreadcrumbList","@id":"https:\/\/exploravenue.com\/about\/#breadcrumb","itemListElement":[{"@type":"ListItem","position":1,"name":"Home","item":"https:\/\/exploravenue.com\/"},{"@type":"ListItem","position":2,"name":"About"}]},{"@type":"WebSite","@id":"https:\/\/exploravenue.com\/#website","url":"https:\/\/exploravenue.com\/","name":"Explora Venue","description":"","publisher":{"@id":"https:\/\/exploravenue.com\/#organization"},"potentialAction":[{"@type":"SearchAction","target":{"@type":"EntryPoint","urlTemplate":"https:\/\/exploravenue.com\/?s={search_term_string}"},"query-input":"required name=search_term_string"}],"inLanguage":"gd"},{"@type":"Organization","@id":"https:\/\/exploravenue.com\/#organization","name":"Explora Venue","url":"https:\/\/exploravenue.com\/","logo":{"@type":"ImageObject","inLanguage":"gd","@id":"https:\/\/exploravenue.com\/#\/schema\/logo\/image\/","url":"https:\/\/exploravenue.com\/wp-content\/uploads\/sites\/225\/2026\/01\/cropped-EV-logo.png","contentUrl":"https:\/\/exploravenue.com\/wp-content\/uploads\/sites\/225\/2026\/01\/cropped-EV-logo.png","width":216,"height":242,"caption":"Explora Venue"},"image":{"@id":"https:\/\/exploravenue.com\/#\/schema\/logo\/image\/"}}]}},"uagb_featured_image_src":{"full":false,"thumbnail":false,"medium":false,"medium_large":false,"large":false,"1536x1536":false,"2048x2048":false,"trp-custom-language-flag":false},"uagb_author_info":{"display_name":"Bruno Gianni","author_link":"https:\/\/exploravenue.com\/gd\/author\/bcgianni\/"},"uagb_comment_info":0,"uagb_excerpt":"Welcome to Explora Venue \u2013 Your Trusted Source for Insight and Inspiration! In a fast-moving world, staying informed isn\u2019t just an advantage\u2014it\u2019s essential. Explora Venue is your go-to platform for navigating the evolving landscapes of careers, personal development, technology, innovation, and travel. Our goal is simple: to provide meaningful, actionable content that empowers you to&hellip;","_links":{"self":[{"href":"https:\/\/exploravenue.com\/gd\/wp-json\/wp\/v2\/pages\/85"}],"collection":[{"href":"https:\/\/exploravenue.com\/gd\/wp-json\/wp\/v2\/pages"}],"about":[{"href":"https:\/\/exploravenue.com\/gd\/wp-json\/wp\/v2\/types\/page"}],"author":[{"embeddable":true,"href":"https:\/\/exploravenue.com\/gd\/wp-json\/wp\/v2\/users\/3"}],"replies":[{"embeddable":true,"href":"https:\/\/exploravenue.com\/gd\/wp-json\/wp\/v2\/comments?post=85"}],"version-history":[{"count":2,"href":"https:\/\/exploravenue.com\/gd\/wp-json\/wp\/v2\/pages\/85\/revisions"}],"predecessor-version":[{"id":87,"href":"https:\/\/exploravenue.com\/gd\/wp-json\/wp\/v2\/pages\/85\/revisions\/87"}],"wp:attachment":[{"href":"https:\/\/exploravenue.com\/gd\/wp-json\/wp\/v2\/media?parent=85"}],"curies":[{"name":"wp","href":"https:\/\/api.w.org\/{rel}","templated":true}]}}