{"id":2,"date":"2025-02-18T18:12:53","date_gmt":"2025-02-18T18:12:53","guid":{"rendered":"http:\/\/exploravenue.wordpress.activeview.io\/?page_id=2"},"modified":"2025-02-18T18:12:53","modified_gmt":"2025-02-18T18:12:53","slug":"sample-page","status":"publish","type":"page","link":"https:\/\/exploravenue.com\/gd\/sample-page\/","title":{"rendered":"Duilleag Eisimpleir"},"content":{"rendered":"<p>Seo eisimpleir de dhuilleag. Tha e eadar-dhealaichte bho phost blog oir fuirichidh e ann an aon \u00e0ite agus nochdaidh e ann an se\u00f2ladh na l\u00e0raich agad (anns a\u2019 mh\u00f2r-chuid de chuspairean). Bidh a\u2019 mh\u00f2r-chuid de dhaoine a\u2019 t\u00f2iseachadh le duilleag Mu Ar Deidhinn a bheir a-steach iad do luchd-tadhail l\u00e0raich a dh\u2019fhaodadh a bhith ann. Dh\u2019fhaodadh e rudeigin mar seo a r\u00e0dh:<\/p>\n\n\n\n<blockquote class=\"wp-block-quote\"><p>Hal\u00f2 a leibh! Tha mi nam theachdaire baidhsagal tron latha, agus nam chleasaiche \u00f2g tron oidhche, agus seo mo l\u00e0rach-l\u00ecn. Tha mi a\u2019 fuireach ann an Los Angeles, tha c\u00f9 math agam air a bheil Jack, agus is toil leam pi\u00f1a coladas. (Agus a bhith air mo ghlacadh anns an uisge.)<\/p><\/blockquote>\n\n\n\n<p>\u2026no rudeigin mar seo:<\/p>\n\n\n\n<blockquote class=\"wp-block-quote\"><p>Chaidh Companaidh XYZ Doohickey a st\u00e8idheachadh ann an 1971, agus tha iad air a bhith a\u2019 toirt seachad doohickeys c\u00e0ileachd don phoball bhon uair sin. Suidhichte ann am Baile Gotham, tha XYZ a\u2019 fastadh c\u00f2rr is 2,000 neach agus a\u2019 d\u00e8anamh a h-uile se\u00f2rsa rud iongantach airson coimhearsnachd Gotham.<\/p><\/blockquote>\n\n\n\n<p>Mar neach-cleachdaidh \u00f9r WordPress, bu ch\u00f2ir dhut a dhol gu <a href=\"http:\/\/exploravenue.wordpress.activeview.io\/wp-admin\/\">do bh\u00f2rd-sti\u00f9iridh<\/a> gus an duilleag seo a dhubhadh \u00e0s agus duilleagan \u00f9ra a chruthachadh airson do shusbaint. Biodh sp\u00f2rs agad!<\/p>","protected":false},"excerpt":{"rendered":"<p>Seo eisimpleir de dhuilleag. Tha e eadar-dhealaichte bho phost blog oir fuirichidh e ann an aon \u00e0ite agus nochdaidh e ann an se\u00f2ladh na l\u00e0raich agad (anns a\u2019 mh\u00f2r-chuid de chuspairean). Bidh a\u2019 mh\u00f2r-chuid de dhaoine a\u2019 t\u00f2iseachadh le duilleag Mu Ar Deidhinn a bheir a-steach iad do luchd-tadhail l\u00e0raich a dh\u2019fhaodadh a bhith ann. Dh\u2019fhaodadh e rudeigin mar seo a r\u00e0dh: Hal\u00f2 an sin! Tha mi nam theachdaire baidhsagal [\u2026]<\/p>","protected":false},"author":3,"featured_media":0,"parent":0,"menu_order":0,"comment_status":"closed","ping_status":"open","template":"","meta":{"_uag_custom_page_level_css":"","site-sidebar-layout":"default","site-content-layout":"","ast-site-content-layout":"","site-content-style":"default","site-sidebar-style":"default","ast-global-header-display":"","ast-banner-title-visibility":"","ast-main-header-display":"","ast-hfb-above-header-display":"","ast-hfb-below-header-display":"","ast-hfb-mobile-header-display":"","site-post-title":"","ast-breadcrumbs-content":"","ast-featured-img":"","footer-sml-layout":"","theme-transparent-header-meta":"","adv-header-id-meta":"","stick-header-meta":"","header-above-stick-meta":"","header-main-stick-meta":"","header-below-stick-meta":"","astra-migrate-meta-layouts":"default","ast-page-background-enabled":"default","ast-page-background-meta":{"desktop":{"background-color":"var(--ast-global-color-4)","background-image":"","background-repeat":"repeat","background-position":"center center","background-size":"auto","background-attachment":"scroll","background-type":"","background-media":"","overlay-type":"","overlay-color":"","overlay-opacity":"","overlay-gradient":""},"tablet":{"background-color":"","background-image":"","background-repeat":"repeat","background-position":"center center","background-size":"auto","background-attachment":"scroll","background-type":"","background-media":"","overlay-type":"","overlay-color":"","overlay-opacity":"","overlay-gradient":""},"mobile":{"background-color":"","background-image":"","background-repeat":"repeat","background-position":"center center","background-size":"auto","background-attachment":"scroll","background-type":"","background-media":"","overlay-type":"","overlay-color":"","overlay-opacity":"","overlay-gradient":""}},"ast-content-background-meta":{"desktop":{"background-color":"var(--ast-global-color-5)","background-image":"","background-repeat":"repeat","background-position":"center center","background-size":"auto","background-attachment":"scroll","background-type":"","background-media":"","overlay-type":"","overlay-color":"","overlay-opacity":"","overlay-gradient":""},"tablet":{"background-color":"var(--ast-global-color-5)","background-image":"","background-repeat":"repeat","background-position":"center center","background-size":"auto","background-attachment":"scroll","background-type":"","background-media":"","overlay-type":"","overlay-color":"","overlay-opacity":"","overlay-gradient":""},"mobile":{"background-color":"var(--ast-global-color-5)","background-image":"","background-repeat":"repeat","background-position":"center center","background-size":"auto","background-attachment":"scroll","background-type":"","background-media":"","overlay-type":"","overlay-color":"","overlay-opacity":"","overlay-gradient":""}},"footnotes":""},"yoast_head":"<!-- This site is optimized with the Yoast SEO plugin v23.3 - https:\/\/yoast.com\/wordpress\/plugins\/seo\/ -->\n<title>Sample Page - Explora Venue<\/title>\n<meta name=\"robots\" content=\"index, follow, max-snippet:-1, max-image-preview:large, max-video-preview:-1\" \/>\n<link rel=\"canonical\" href=\"https:\/\/exploravenue.com\/gd\/sample-page\/\" \/>\n<meta property=\"og:locale\" content=\"en_US\" \/>\n<meta property=\"og:type\" content=\"article\" \/>\n<meta property=\"og:title\" content=\"Sample Page - Explora Venue\" \/>\n<meta property=\"og:description\" content=\"This is an example page. It&#8217;s different from a blog post because it will stay in one place and will show up in your site navigation (in most themes). Most people start with an About page that introduces them to potential site visitors. It might say something like this: Hi there! I&#8217;m a bike messenger [&hellip;]\" \/>\n<meta property=\"og:url\" content=\"https:\/\/exploravenue.com\/gd\/sample-page\/\" \/>\n<meta property=\"og:site_name\" content=\"Explora Venue\" \/>\n<meta name=\"twitter:card\" content=\"summary_large_image\" \/>\n<meta name=\"twitter:label1\" content=\"Est. reading time\" \/>\n\t<meta name=\"twitter:data1\" content=\"1 minute\" \/>\n<script type=\"application\/ld+json\" class=\"yoast-schema-graph\">{\"@context\":\"https:\/\/schema.org\",\"@graph\":[{\"@type\":\"WebPage\",\"@id\":\"https:\/\/exploravenue.com\/sample-page\/\",\"url\":\"https:\/\/exploravenue.com\/sample-page\/\",\"name\":\"Sample Page - Explora Venue\",\"isPartOf\":{\"@id\":\"https:\/\/exploravenue.com\/#website\"},\"datePublished\":\"2025-02-18T18:12:53+00:00\",\"dateModified\":\"2025-02-18T18:12:53+00:00\",\"breadcrumb\":{\"@id\":\"https:\/\/exploravenue.com\/sample-page\/#breadcrumb\"},\"inLanguage\":\"gd\",\"potentialAction\":[{\"@type\":\"ReadAction\",\"target\":[\"https:\/\/exploravenue.com\/sample-page\/\"]}]},{\"@type\":\"BreadcrumbList\",\"@id\":\"https:\/\/exploravenue.com\/sample-page\/#breadcrumb\",\"itemListElement\":[{\"@type\":\"ListItem\",\"position\":1,\"name\":\"Home\",\"item\":\"https:\/\/exploravenue.com\/\"},{\"@type\":\"ListItem\",\"position\":2,\"name\":\"Sample Page\"}]},{\"@type\":\"WebSite\",\"@id\":\"https:\/\/exploravenue.com\/#website\",\"url\":\"https:\/\/exploravenue.com\/\",\"name\":\"Explora Venue\",\"description\":\"\",\"publisher\":{\"@id\":\"https:\/\/exploravenue.com\/#organization\"},\"potentialAction\":[{\"@type\":\"SearchAction\",\"target\":{\"@type\":\"EntryPoint\",\"urlTemplate\":\"https:\/\/exploravenue.com\/?s={search_term_string}\"},\"query-input\":\"required name=search_term_string\"}],\"inLanguage\":\"gd\"},{\"@type\":\"Organization\",\"@id\":\"https:\/\/exploravenue.com\/#organization\",\"name\":\"Explora Venue\",\"url\":\"https:\/\/exploravenue.com\/\",\"logo\":{\"@type\":\"ImageObject\",\"inLanguage\":\"gd\",\"@id\":\"https:\/\/exploravenue.com\/#\/schema\/logo\/image\/\",\"url\":\"https:\/\/exploravenue.com\/wp-content\/uploads\/sites\/225\/2026\/01\/cropped-EV-logo.png\",\"contentUrl\":\"https:\/\/exploravenue.com\/wp-content\/uploads\/sites\/225\/2026\/01\/cropped-EV-logo.png\",\"width\":216,\"height\":242,\"caption\":\"Explora Venue\"},\"image\":{\"@id\":\"https:\/\/exploravenue.com\/#\/schema\/logo\/image\/\"}}]}<\/script>\n<!-- \/ Yoast SEO plugin. -->","yoast_head_json":{"title":"Sample Page - Explora Venue","robots":{"index":"index","follow":"follow","max-snippet":"max-snippet:-1","max-image-preview":"max-image-preview:large","max-video-preview":"max-video-preview:-1"},"canonical":"https:\/\/exploravenue.com\/gd\/sample-page\/","og_locale":"en_US","og_type":"article","og_title":"Sample Page - Explora Venue","og_description":"This is an example page. It&#8217;s different from a blog post because it will stay in one place and will show up in your site navigation (in most themes). Most people start with an About page that introduces them to potential site visitors. It might say something like this: Hi there! I&#8217;m a bike messenger [&hellip;]","og_url":"https:\/\/exploravenue.com\/gd\/sample-page\/","og_site_name":"Explora Venue","twitter_card":"summary_large_image","twitter_misc":{"Est. reading time":"1 minute"},"schema":{"@context":"https:\/\/schema.org","@graph":[{"@type":"WebPage","@id":"https:\/\/exploravenue.com\/sample-page\/","url":"https:\/\/exploravenue.com\/sample-page\/","name":"Sample Page - Explora Venue","isPartOf":{"@id":"https:\/\/exploravenue.com\/#website"},"datePublished":"2025-02-18T18:12:53+00:00","dateModified":"2025-02-18T18:12:53+00:00","breadcrumb":{"@id":"https:\/\/exploravenue.com\/sample-page\/#breadcrumb"},"inLanguage":"gd","potentialAction":[{"@type":"ReadAction","target":["https:\/\/exploravenue.com\/sample-page\/"]}]},{"@type":"BreadcrumbList","@id":"https:\/\/exploravenue.com\/sample-page\/#breadcrumb","itemListElement":[{"@type":"ListItem","position":1,"name":"Home","item":"https:\/\/exploravenue.com\/"},{"@type":"ListItem","position":2,"name":"Sample Page"}]},{"@type":"WebSite","@id":"https:\/\/exploravenue.com\/#website","url":"https:\/\/exploravenue.com\/","name":"Explora Venue","description":"","publisher":{"@id":"https:\/\/exploravenue.com\/#organization"},"potentialAction":[{"@type":"SearchAction","target":{"@type":"EntryPoint","urlTemplate":"https:\/\/exploravenue.com\/?s={search_term_string}"},"query-input":"required name=search_term_string"}],"inLanguage":"gd"},{"@type":"Organization","@id":"https:\/\/exploravenue.com\/#organization","name":"Explora Venue","url":"https:\/\/exploravenue.com\/","logo":{"@type":"ImageObject","inLanguage":"gd","@id":"https:\/\/exploravenue.com\/#\/schema\/logo\/image\/","url":"https:\/\/exploravenue.com\/wp-content\/uploads\/sites\/225\/2026\/01\/cropped-EV-logo.png","contentUrl":"https:\/\/exploravenue.com\/wp-content\/uploads\/sites\/225\/2026\/01\/cropped-EV-logo.png","width":216,"height":242,"caption":"Explora Venue"},"image":{"@id":"https:\/\/exploravenue.com\/#\/schema\/logo\/image\/"}}]}},"uagb_featured_image_src":{"full":false,"thumbnail":false,"medium":false,"medium_large":false,"large":false,"1536x1536":false,"2048x2048":false,"trp-custom-language-flag":false},"uagb_author_info":{"display_name":"Bruno Gianni","author_link":"https:\/\/exploravenue.com\/gd\/author\/bcgianni\/"},"uagb_comment_info":0,"uagb_excerpt":"This is an example page. It&#8217;s different from a blog post because it will stay in one place and will show up in your site navigation (in most themes). Most people start with an About page that introduces them to potential site visitors. It might say something like this: Hi there! I&#8217;m a bike messenger&hellip;","_links":{"self":[{"href":"https:\/\/exploravenue.com\/gd\/wp-json\/wp\/v2\/pages\/2"}],"collection":[{"href":"https:\/\/exploravenue.com\/gd\/wp-json\/wp\/v2\/pages"}],"about":[{"href":"https:\/\/exploravenue.com\/gd\/wp-json\/wp\/v2\/types\/page"}],"author":[{"embeddable":true,"href":"https:\/\/exploravenue.com\/gd\/wp-json\/wp\/v2\/users\/3"}],"replies":[{"embeddable":true,"href":"https:\/\/exploravenue.com\/gd\/wp-json\/wp\/v2\/comments?post=2"}],"version-history":[{"count":0,"href":"https:\/\/exploravenue.com\/gd\/wp-json\/wp\/v2\/pages\/2\/revisions"}],"wp:attachment":[{"href":"https:\/\/exploravenue.com\/gd\/wp-json\/wp\/v2\/media?parent=2"}],"curies":[{"name":"wp","href":"https:\/\/api.w.org\/{rel}","templated":true}]}}