{"id":85,"date":"2025-03-05T15:59:47","date_gmt":"2025-03-05T15:59:47","guid":{"rendered":"https:\/\/exploravenue.com\/?page_id=85"},"modified":"2025-03-05T18:51:51","modified_gmt":"2025-03-05T18:51:51","slug":"about","status":"publish","type":"page","link":"https:\/\/exploravenue.com\/fr\/about\/","title":{"rendered":"\u00c0 propos"},"content":{"rendered":"<p><strong>Bienvenue sur Explora Venue \u2013 Votre source fiable d&#039;informations et d&#039;inspiration<\/strong>!<\/p>\n\n\n\n<p>Dans un monde en constante \u00e9volution, rester inform\u00e9 n&#039;est pas seulement un atout, c&#039;est essentiel. Explora Venue est votre plateforme de r\u00e9f\u00e9rence pour vous orienter dans les univers en constante \u00e9volution des carri\u00e8res, du d\u00e9veloppement personnel, des technologies, de l&#039;innovation et des voyages. Notre objectif est simple\u00a0: vous fournir un contenu pertinent et exploitable qui vous permette de r\u00e9aliser vos ambitions et de garder une longueur d&#039;avance.<\/p>\n\n\n\n<h2 class=\"wp-block-heading\">Ce que vous trouverez ici<\/h2>\n\n\n\n<p>Chez Explora Venue, nous sommes convaincus que la connaissance est le moteur du progr\u00e8s. C&#039;est pourquoi nous avons organis\u00e9 notre contenu en cinq domaines cl\u00e9s pour vous aider \u00e0 grandir, vous adapter et vous \u00e9panouir\u00a0:<\/p>\n\n\n\n<h3 class=\"wp-block-heading\">Carri\u00e8re<\/h3>\n\n\n\n<ul>\n<li>Faire progresser votre parcours professionnel \u2013 Strat\u00e9gies \u00e9prouv\u00e9es pour la croissance de carri\u00e8re, le r\u00e9seautage et la maximisation de la productivit\u00e9.<\/li>\n\n\n\n<li>L\u2019avenir du travail \u2013 Gardez une longueur d\u2019avance sur les changements sur le lieu de travail, des emplois \u00e0 distance au travail ind\u00e9pendant et \u00e0 l\u2019essor des carri\u00e8res num\u00e9riques.<\/li>\n\n\n\n<li>Comp\u00e9tences essentielles pour demain \u2013 D\u00e9couvrez les comp\u00e9tences les plus recherch\u00e9es et comment les d\u00e9velopper pour rester comp\u00e9titif.<\/li>\n<\/ul>\n\n\n\n<h3 class=\"wp-block-heading\">Croissance personnelle<\/h3>\n\n\n\n<ul>\n<li>Mentalit\u00e9 pour le succ\u00e8s \u2013 Approches pratiques de la r\u00e9silience, de l\u2019\u00e9tablissement d\u2019objectifs et de la r\u00e9solution des d\u00e9fis.<\/li>\n\n\n\n<li>\u00c9quilibre et bien-\u00eatre \u2013 Conseils pour g\u00e9rer l\u2019harmonie entre vie professionnelle et vie priv\u00e9e tout en maintenant un style de vie \u00e9panouissant.<\/li>\n\n\n\n<li>Libert\u00e9 financi\u00e8re \u2013 Strat\u00e9gies intelligentes pour \u00e9pargner, investir et assurer votre avenir financier.<\/li>\n<\/ul>\n\n\n\n<h3 class=\"wp-block-heading\">Innovation<\/h3>\n\n\n\n<ul>\n<li>La technologie qui change le monde \u2013 Aper\u00e7us sur l\u2019IA, la blockchain, la biotechnologie et bien plus encore.<\/li>\n\n\n\n<li>Entrepreneuriat et startups \u2013 Les derni\u00e8res tendances, conseils d\u2019experts et r\u00e9ussites pour alimenter vos id\u00e9es d\u2019affaires.<\/li>\n\n\n\n<li>Durabilit\u00e9 et progr\u00e8s \u2013 Comment des innovations r\u00e9volutionnaires fa\u00e7onnent un avenir plus vert.<\/li>\n<\/ul>\n\n\n\n<h3 class=\"wp-block-heading\">Tendances technologiques<\/h3>\n\n\n\n<ul>\n<li>Le virage num\u00e9rique \u2013 Comment la transformation num\u00e9rique red\u00e9finit les industries et la vie quotidienne.<\/li>\n\n\n\n<li>L\u2019avenir de la connectivit\u00e9 \u2013 Ce que la 5G et la technologie de nouvelle g\u00e9n\u00e9ration signifient pour le monde.<\/li>\n\n\n\n<li>S\u00e9curit\u00e9 et confidentialit\u00e9 en ligne \u2013 Restez prot\u00e9g\u00e9 \u00e0 l\u2019\u00e8re num\u00e9rique gr\u00e2ce \u00e0 des informations essentielles sur la s\u00e9curit\u00e9.<\/li>\n<\/ul>\n\n\n\n<h3 class=\"wp-block-heading\">Voyage<\/h3>\n\n\n\n<ul>\n<li>Aventures durables \u2013 Voyagez de mani\u00e8re responsable tout en minimisant votre empreinte environnementale.<\/li>\n\n\n\n<li>Immersion culturelle \u2013 D\u00e9couvrez des destinations uniques et des exp\u00e9riences significatives.<\/li>\n\n\n\n<li>Travailler et explorer \u2013 Ma\u00eetrisez l\u2019art de combiner travail \u00e0 distance et exploration mondiale.<\/li>\n<\/ul>\n\n\n\n<h2 class=\"wp-block-heading\">Pourquoi Explora Venue?<\/h2>\n\n\n\n<p>Ce qui nous distingue, c&#039;est notre engagement \u00e0 proposer un contenu pertinent, bien document\u00e9 et qui d\u00e9passe les apparences. Nous ne sommes pas un simple site web\u00a0: nous sommes une ressource con\u00e7ue pour inciter \u00e0 l&#039;action, \u00e9veiller la curiosit\u00e9 et apporter des \u00e9clairages concrets.<\/p>\n\n\n\n<h3 class=\"wp-block-heading\">Ce que nous d\u00e9fendons :<\/h3>\n\n\n\n<ul>\n<li>Informations fiables et \u00e0 jour \u2013 Chaque article est bas\u00e9 sur des recherches cr\u00e9dibles et des tendances du monde r\u00e9el.<\/li>\n\n\n\n<li>Contenu engageant et pratique \u2013 Nous d\u00e9composons des sujets complexes en informations digestes et utiles.<\/li>\n\n\n\n<li>Un espace de croissance et de d\u00e9couverte \u2013 Plus qu\u2019une simple information, nous vous encourageons \u00e0 agir et \u00e0 \u00e9voluer.<\/li>\n<\/ul>\n\n\n\n<h2 class=\"wp-block-heading\">Commen\u00e7ons !<\/h2>\n\n\n\n<p>Que vous soyez un professionnel en qu\u00eate de d\u00e9veloppement, un passionn\u00e9 de technologie en qu\u00eate d&#039;information ou un explorateur en qu\u00eate de nouvelles exp\u00e9riences, Explora Venue est l\u00e0 pour vous guider. D\u00e9couvrez nos derniers articles, contactez-nous et rejoignez une communaut\u00e9 qui valorise la connaissance et le progr\u00e8s.<\/p>\n\n\n\n<p>Pr\u00eat \u00e0 explorer\u00a0? D\u00e9couvrez nos derniers contenus, consultez notre politique de confidentialit\u00e9 ou contactez-nous d\u00e8s aujourd&#039;hui.<\/p>","protected":false},"excerpt":{"rendered":"<p>Bienvenue sur Explora Venue \u2013 Votre source de confiance pour des id\u00e9es et de l&#039;inspiration ! Dans un monde en constante \u00e9volution, rester inform\u00e9 n&#039;est pas seulement un atout, c&#039;est une n\u00e9cessit\u00e9. Explora Venue est votre plateforme de r\u00e9f\u00e9rence pour vous guider dans les domaines changeants des carri\u00e8res, du d\u00e9veloppement personnel, des technologies, de l&#039;innovation et des voyages. Notre objectif est simple\u00a0: vous fournir un contenu pertinent et concret qui vous permette de [\u2026]<\/p>","protected":false},"author":3,"featured_media":0,"parent":0,"menu_order":0,"comment_status":"closed","ping_status":"closed","template":"","meta":{"_uag_custom_page_level_css":"","site-sidebar-layout":"default","site-content-layout":"","ast-site-content-layout":"","site-content-style":"default","site-sidebar-style":"default","ast-global-header-display":"","ast-banner-title-visibility":"","ast-main-header-display":"","ast-hfb-above-header-display":"","ast-hfb-below-header-display":"","ast-hfb-mobile-header-display":"","site-post-title":"","ast-breadcrumbs-content":"","ast-featured-img":"","footer-sml-layout":"","theme-transparent-header-meta":"","adv-header-id-meta":"","stick-header-meta":"","header-above-stick-meta":"","header-main-stick-meta":"","header-below-stick-meta":"","astra-migrate-meta-layouts":"default","ast-page-background-enabled":"default","ast-page-background-meta":{"desktop":{"background-color":"var(--ast-global-color-4)","background-image":"","background-repeat":"repeat","background-position":"center center","background-size":"auto","background-attachment":"scroll","background-type":"","background-media":"","overlay-type":"","overlay-color":"","overlay-opacity":"","overlay-gradient":""},"tablet":{"background-color":"","background-image":"","background-repeat":"repeat","background-position":"center center","background-size":"auto","background-attachment":"scroll","background-type":"","background-media":"","overlay-type":"","overlay-color":"","overlay-opacity":"","overlay-gradient":""},"mobile":{"background-color":"","background-image":"","background-repeat":"repeat","background-position":"center center","background-size":"auto","background-attachment":"scroll","background-type":"","background-media":"","overlay-type":"","overlay-color":"","overlay-opacity":"","overlay-gradient":""}},"ast-content-background-meta":{"desktop":{"background-color":"var(--ast-global-color-5)","background-image":"","background-repeat":"repeat","background-position":"center center","background-size":"auto","background-attachment":"scroll","background-type":"","background-media":"","overlay-type":"","overlay-color":"","overlay-opacity":"","overlay-gradient":""},"tablet":{"background-color":"var(--ast-global-color-5)","background-image":"","background-repeat":"repeat","background-position":"center center","background-size":"auto","background-attachment":"scroll","background-type":"","background-media":"","overlay-type":"","overlay-color":"","overlay-opacity":"","overlay-gradient":""},"mobile":{"background-color":"var(--ast-global-color-5)","background-image":"","background-repeat":"repeat","background-position":"center center","background-size":"auto","background-attachment":"scroll","background-type":"","background-media":"","overlay-type":"","overlay-color":"","overlay-opacity":"","overlay-gradient":""}},"footnotes":""},"yoast_head":"<!-- This site is optimized with the Yoast SEO plugin v23.3 - https:\/\/yoast.com\/wordpress\/plugins\/seo\/ -->\n<title>About - Explora Venue<\/title>\n<meta name=\"robots\" content=\"index, follow, max-snippet:-1, max-image-preview:large, max-video-preview:-1\" \/>\n<link rel=\"canonical\" href=\"https:\/\/exploravenue.com\/fr\/about\/\" \/>\n<meta property=\"og:locale\" content=\"fr_FR\" \/>\n<meta property=\"og:type\" content=\"article\" \/>\n<meta property=\"og:title\" content=\"About - Explora Venue\" \/>\n<meta property=\"og:description\" content=\"Welcome to Explora Venue \u2013 Your Trusted Source for Insight and Inspiration! In a fast-moving world, staying informed isn\u2019t just an advantage\u2014it\u2019s essential. Explora Venue is your go-to platform for navigating the evolving landscapes of careers, personal development, technology, innovation, and travel. Our goal is simple: to provide meaningful, actionable content that empowers you to [&hellip;]\" \/>\n<meta property=\"og:url\" content=\"https:\/\/exploravenue.com\/fr\/about\/\" \/>\n<meta property=\"og:site_name\" content=\"Explora Venue\" \/>\n<meta property=\"article:modified_time\" content=\"2025-03-05T18:51:51+00:00\" \/>\n<meta name=\"twitter:card\" content=\"summary_large_image\" \/>\n<meta name=\"twitter:label1\" content=\"Est. reading time\" \/>\n\t<meta name=\"twitter:data1\" content=\"2 minutes\" \/>\n<script type=\"application\/ld+json\" class=\"yoast-schema-graph\">{\"@context\":\"https:\/\/schema.org\",\"@graph\":[{\"@type\":\"WebPage\",\"@id\":\"https:\/\/exploravenue.com\/about\/\",\"url\":\"https:\/\/exploravenue.com\/about\/\",\"name\":\"About - Explora Venue\",\"isPartOf\":{\"@id\":\"https:\/\/exploravenue.com\/#website\"},\"datePublished\":\"2025-03-05T15:59:47+00:00\",\"dateModified\":\"2025-03-05T18:51:51+00:00\",\"breadcrumb\":{\"@id\":\"https:\/\/exploravenue.com\/about\/#breadcrumb\"},\"inLanguage\":\"fr-FR\",\"potentialAction\":[{\"@type\":\"ReadAction\",\"target\":[\"https:\/\/exploravenue.com\/about\/\"]}]},{\"@type\":\"BreadcrumbList\",\"@id\":\"https:\/\/exploravenue.com\/about\/#breadcrumb\",\"itemListElement\":[{\"@type\":\"ListItem\",\"position\":1,\"name\":\"Home\",\"item\":\"https:\/\/exploravenue.com\/\"},{\"@type\":\"ListItem\",\"position\":2,\"name\":\"About\"}]},{\"@type\":\"WebSite\",\"@id\":\"https:\/\/exploravenue.com\/#website\",\"url\":\"https:\/\/exploravenue.com\/\",\"name\":\"Explora Venue\",\"description\":\"\",\"publisher\":{\"@id\":\"https:\/\/exploravenue.com\/#organization\"},\"potentialAction\":[{\"@type\":\"SearchAction\",\"target\":{\"@type\":\"EntryPoint\",\"urlTemplate\":\"https:\/\/exploravenue.com\/?s={search_term_string}\"},\"query-input\":\"required name=search_term_string\"}],\"inLanguage\":\"fr-FR\"},{\"@type\":\"Organization\",\"@id\":\"https:\/\/exploravenue.com\/#organization\",\"name\":\"Explora Venue\",\"url\":\"https:\/\/exploravenue.com\/\",\"logo\":{\"@type\":\"ImageObject\",\"inLanguage\":\"fr-FR\",\"@id\":\"https:\/\/exploravenue.com\/#\/schema\/logo\/image\/\",\"url\":\"https:\/\/exploravenue.com\/wp-content\/uploads\/sites\/225\/2026\/01\/cropped-EV-logo.png\",\"contentUrl\":\"https:\/\/exploravenue.com\/wp-content\/uploads\/sites\/225\/2026\/01\/cropped-EV-logo.png\",\"width\":216,\"height\":242,\"caption\":\"Explora Venue\"},\"image\":{\"@id\":\"https:\/\/exploravenue.com\/#\/schema\/logo\/image\/\"}}]}<\/script>\n<!-- \/ Yoast SEO plugin. -->","yoast_head_json":{"title":"About - Explora Venue","robots":{"index":"index","follow":"follow","max-snippet":"max-snippet:-1","max-image-preview":"max-image-preview:large","max-video-preview":"max-video-preview:-1"},"canonical":"https:\/\/exploravenue.com\/fr\/about\/","og_locale":"fr_FR","og_type":"article","og_title":"About - Explora Venue","og_description":"Welcome to Explora Venue \u2013 Your Trusted Source for Insight and Inspiration! In a fast-moving world, staying informed isn\u2019t just an advantage\u2014it\u2019s essential. Explora Venue is your go-to platform for navigating the evolving landscapes of careers, personal development, technology, innovation, and travel. Our goal is simple: to provide meaningful, actionable content that empowers you to [&hellip;]","og_url":"https:\/\/exploravenue.com\/fr\/about\/","og_site_name":"Explora Venue","article_modified_time":"2025-03-05T18:51:51+00:00","twitter_card":"summary_large_image","twitter_misc":{"Est. reading time":"2 minutes"},"schema":{"@context":"https:\/\/schema.org","@graph":[{"@type":"WebPage","@id":"https:\/\/exploravenue.com\/about\/","url":"https:\/\/exploravenue.com\/about\/","name":"About - Explora Venue","isPartOf":{"@id":"https:\/\/exploravenue.com\/#website"},"datePublished":"2025-03-05T15:59:47+00:00","dateModified":"2025-03-05T18:51:51+00:00","breadcrumb":{"@id":"https:\/\/exploravenue.com\/about\/#breadcrumb"},"inLanguage":"fr-FR","potentialAction":[{"@type":"ReadAction","target":["https:\/\/exploravenue.com\/about\/"]}]},{"@type":"BreadcrumbList","@id":"https:\/\/exploravenue.com\/about\/#breadcrumb","itemListElement":[{"@type":"ListItem","position":1,"name":"Home","item":"https:\/\/exploravenue.com\/"},{"@type":"ListItem","position":2,"name":"About"}]},{"@type":"WebSite","@id":"https:\/\/exploravenue.com\/#website","url":"https:\/\/exploravenue.com\/","name":"Explora Venue","description":"","publisher":{"@id":"https:\/\/exploravenue.com\/#organization"},"potentialAction":[{"@type":"SearchAction","target":{"@type":"EntryPoint","urlTemplate":"https:\/\/exploravenue.com\/?s={search_term_string}"},"query-input":"required name=search_term_string"}],"inLanguage":"fr-FR"},{"@type":"Organization","@id":"https:\/\/exploravenue.com\/#organization","name":"Explora Venue","url":"https:\/\/exploravenue.com\/","logo":{"@type":"ImageObject","inLanguage":"fr-FR","@id":"https:\/\/exploravenue.com\/#\/schema\/logo\/image\/","url":"https:\/\/exploravenue.com\/wp-content\/uploads\/sites\/225\/2026\/01\/cropped-EV-logo.png","contentUrl":"https:\/\/exploravenue.com\/wp-content\/uploads\/sites\/225\/2026\/01\/cropped-EV-logo.png","width":216,"height":242,"caption":"Explora Venue"},"image":{"@id":"https:\/\/exploravenue.com\/#\/schema\/logo\/image\/"}}]}},"uagb_featured_image_src":{"full":false,"thumbnail":false,"medium":false,"medium_large":false,"large":false,"1536x1536":false,"2048x2048":false,"trp-custom-language-flag":false},"uagb_author_info":{"display_name":"Bruno Gianni","author_link":"https:\/\/exploravenue.com\/fr\/author\/bcgianni\/"},"uagb_comment_info":0,"uagb_excerpt":"Welcome to Explora Venue \u2013 Your Trusted Source for Insight and Inspiration! In a fast-moving world, staying informed isn\u2019t just an advantage\u2014it\u2019s essential. Explora Venue is your go-to platform for navigating the evolving landscapes of careers, personal development, technology, innovation, and travel. Our goal is simple: to provide meaningful, actionable content that empowers you to\u2026","_links":{"self":[{"href":"https:\/\/exploravenue.com\/fr\/wp-json\/wp\/v2\/pages\/85"}],"collection":[{"href":"https:\/\/exploravenue.com\/fr\/wp-json\/wp\/v2\/pages"}],"about":[{"href":"https:\/\/exploravenue.com\/fr\/wp-json\/wp\/v2\/types\/page"}],"author":[{"embeddable":true,"href":"https:\/\/exploravenue.com\/fr\/wp-json\/wp\/v2\/users\/3"}],"replies":[{"embeddable":true,"href":"https:\/\/exploravenue.com\/fr\/wp-json\/wp\/v2\/comments?post=85"}],"version-history":[{"count":2,"href":"https:\/\/exploravenue.com\/fr\/wp-json\/wp\/v2\/pages\/85\/revisions"}],"predecessor-version":[{"id":87,"href":"https:\/\/exploravenue.com\/fr\/wp-json\/wp\/v2\/pages\/85\/revisions\/87"}],"wp:attachment":[{"href":"https:\/\/exploravenue.com\/fr\/wp-json\/wp\/v2\/media?parent=85"}],"curies":[{"name":"wp","href":"https:\/\/api.w.org\/{rel}","templated":true}]}}