{"id":85,"date":"2025-03-05T15:59:47","date_gmt":"2025-03-05T15:59:47","guid":{"rendered":"https:\/\/exploravenue.com\/?page_id=85"},"modified":"2025-03-05T18:51:51","modified_gmt":"2025-03-05T18:51:51","slug":"about","status":"publish","type":"page","link":"https:\/\/exploravenue.com\/fi\/about\/","title":{"rendered":"Noin"},"content":{"rendered":"<p><strong>Tervetuloa Explora Venueen \u2013 luotettavaan l\u00e4hteeseesi n\u00e4kemyksi\u00e4 ja inspiraatiota varten<\/strong>!<\/p>\n\n\n\n<p>Nopeasti muuttuvassa maailmassa ajan tasalla pysyminen ei ole vain etu \u2013 se on v\u00e4ltt\u00e4m\u00e4t\u00f6nt\u00e4. Explora Venue on ensisijainen alustasi urakehityksen, henkil\u00f6kohtaisen kehityksen, teknologian, innovaatioiden ja matkustamisen muuttuvien maisemien navigointiin. Tavoitteenamme on yksinkertainen: tarjota merkityksellist\u00e4 ja toiminnallista sis\u00e4lt\u00f6\u00e4, joka auttaa sinua saavuttamaan tavoitteesi ja pysym\u00e4\u00e4n askeleen edell\u00e4.<\/p>\n\n\n\n<h2 class=\"wp-block-heading\">Mit\u00e4 l\u00f6yd\u00e4t t\u00e4\u00e4lt\u00e4<\/h2>\n\n\n\n<p>Explora Venuella uskomme, ett\u00e4 tieto vauhdittaa kehityst\u00e4. Siksi olemme koonneet sis\u00e4lt\u00f6mme viiteen keskeiseen alueeseen, jotka on suunniteltu auttamaan sinua kasvamaan, sopeutumaan ja menestym\u00e4\u00e4n:<\/p>\n\n\n\n<h3 class=\"wp-block-heading\">Ura<\/h3>\n\n\n\n<ul>\n<li>Ammatillisen polkusi edist\u00e4minen \u2013 Todistettuja strategioita urakehitykseen, verkostoitumiseen ja tuottavuuden maksimointiin.<\/li>\n\n\n\n<li>Ty\u00f6n tulevaisuus \u2013 Pysy ajan tasalla ty\u00f6paikan muutoksista et\u00e4t\u00f6ist\u00e4 freelancereihin ja digitaalisten uramahdollisuuksien nousuun.<\/li>\n\n\n\n<li>Olennaiset taidot huomista varten \u2013 Tutustu halutuimpiin taitoihin ja siihen, miten voit kehitt\u00e4\u00e4 niit\u00e4 kilpailukykysi s\u00e4ilytt\u00e4miseksi.<\/li>\n<\/ul>\n\n\n\n<h3 class=\"wp-block-heading\">Henkil\u00f6kohtainen kasvu<\/h3>\n\n\n\n<ul>\n<li>Menestyksen ajattelutapa \u2013 K\u00e4yt\u00e4nn\u00f6nl\u00e4heisi\u00e4 l\u00e4hestymistapoja resilienssiin, tavoitteiden asettamiseen ja haasteiden voittamiseen.<\/li>\n\n\n\n<li>Tasapaino ja hyvinvointi \u2013 Vinkkej\u00e4 ty\u00f6- ja yksityisel\u00e4m\u00e4n tasapainon hallintaan ja samalla t\u00e4ytel\u00e4isen el\u00e4m\u00e4ntavan yll\u00e4pit\u00e4miseen.<\/li>\n\n\n\n<li>Taloudellinen vapaus \u2013 \u00c4lykk\u00e4it\u00e4 strategioita s\u00e4\u00e4st\u00e4miseen, sijoittamiseen ja taloudellisen tulevaisuutesi turvaamiseen.<\/li>\n<\/ul>\n\n\n\n<h3 class=\"wp-block-heading\">Innovaatio<\/h3>\n\n\n\n<ul>\n<li>Teknologiaa, joka muuttaa maailmaa \u2013 N\u00e4kemyksi\u00e4 teko\u00e4lyst\u00e4, lohkoketjusta, biotekniikasta ja muusta.<\/li>\n\n\n\n<li>Yritt\u00e4jyys ja startupit \u2013 Uusimmat trendit, asiantuntijan neuvot ja menestystarinoita liikeideoidesi vauhdittamiseksi.<\/li>\n\n\n\n<li>Kest\u00e4v\u00e4 kehitys ja edistys \u2013 Kuinka uraauurtavat innovaatiot muokkaavat vihre\u00e4mp\u00e4\u00e4 tulevaisuutta.<\/li>\n<\/ul>\n\n\n\n<h3 class=\"wp-block-heading\">Teknologiatrendit<\/h3>\n\n\n\n<ul>\n<li>Digitaalinen murros \u2013 Kuinka digitaalinen transformaatio m\u00e4\u00e4rittelee uudelleen toimialoja ja arkea.<\/li>\n\n\n\n<li>Yhteyksien tulevaisuus \u2013 Mit\u00e4 5G ja seuraavan sukupolven teknologia merkitsev\u00e4t maailmalle.<\/li>\n\n\n\n<li>Verkkoturvallisuus ja yksityisyys \u2013 Pysy suojattuna digitaalisella aikakaudella olennaisten tietoturvatietojen avulla.<\/li>\n<\/ul>\n\n\n\n<h3 class=\"wp-block-heading\">Matkustaa<\/h3>\n\n\n\n<ul>\n<li>Kest\u00e4v\u00e4t seikkailut \u2013 Matkusta vastuullisesti ja minimoi ymp\u00e4rist\u00f6jalanj\u00e4lkesi.<\/li>\n\n\n\n<li>Kulttuurien immersio \u2013 L\u00f6yd\u00e4 ainutlaatuisia kohteita ja merkityksellisi\u00e4 kokemuksia.<\/li>\n\n\n\n<li>Ty\u00f6skentele ja tutki \u2013 Hallitse et\u00e4ty\u00f6n ja globaalin tutkimisen yhdist\u00e4minen.<\/li>\n<\/ul>\n\n\n\n<h2 class=\"wp-block-heading\">Miksi Explora Venue?<\/h2>\n\n\n\n<p>Meid\u00e4t erottaa sitoutumisemme arvokkaan ja hyvin tutkitun sis\u00e4ll\u00f6n tuottamiseen, joka ulottuu pintaa syvemm\u00e4lle. Emme ole vain yksi verkkosivusto muiden joukossa \u2013 olemme resurssi, joka on suunniteltu inspiroimaan toimintaan, her\u00e4tt\u00e4m\u00e4\u00e4n uteliaisuutta ja tarjoamaan reaalimaailman n\u00e4kemyksi\u00e4.<\/p>\n\n\n\n<h3 class=\"wp-block-heading\">Mit\u00e4 me edustamme:<\/h3>\n\n\n\n<ul>\n<li>Luotettavaa ja ajantasaista tietoa \u2013 Jokainen artikkeli perustuu uskottavaan tutkimukseen ja tosiel\u00e4m\u00e4n trendeihin.<\/li>\n\n\n\n<li>Kiinnostavaa ja k\u00e4yt\u00e4nn\u00f6llist\u00e4 sis\u00e4lt\u00f6\u00e4 \u2013 Jaamme monimutkaiset aiheet helposti omaksuttaviksi ja hy\u00f6dyllisiksi oivalluksiksi.<\/li>\n\n\n\n<li>Kasvun ja l\u00f6yt\u00e4misen tila \u2013 Enemm\u00e4n kuin vain tietoa \u2013 kannustamme sinua toimimaan ja kehittym\u00e4\u00e4n.<\/li>\n<\/ul>\n\n\n\n<h2 class=\"wp-block-heading\">Aloitetaan!<\/h2>\n\n\n\n<p>Oletpa sitten kehittymist\u00e4 haluava ammattilainen, ajan tasalla pysyv\u00e4 tekniikan harrastaja tai uusia kokemuksia etsiv\u00e4 tutkimusmatkailija, Explora Venue opastaa sinua. Sukella uusimpiin artikkeleihimme, ota meihin yhteytt\u00e4 ja liity yhteis\u00f6\u00f6n, joka arvostaa tietoa ja edistyst\u00e4.<\/p>\n\n\n\n<p>Valmis tutustumaan? Tutustu uusimpaan sis\u00e4lt\u00f6\u00f6mme, lue tietosuojak\u00e4yt\u00e4nt\u00f6mme tai ota meihin yhteytt\u00e4 jo t\u00e4n\u00e4\u00e4n.<\/p>","protected":false},"excerpt":{"rendered":"<p>Tervetuloa Explora Venueen \u2013 luotettavaan l\u00e4hteeseesi n\u00e4kemyksille ja inspiraatiolle! Nopeasti muuttuvassa maailmassa ajan tasalla pysyminen ei ole vain etu \u2013 se on v\u00e4ltt\u00e4m\u00e4t\u00f6nt\u00e4. Explora Venue on ensisijainen alustasi urakehityksen, henkil\u00f6kohtaisen kehityksen, teknologian, innovaatioiden ja matkailun muuttuvien maisemien navigointiin. Tavoitteenamme on yksinkertainen: tarjota merkityksellist\u00e4 ja toiminnallista sis\u00e4lt\u00f6\u00e4, joka antaa sinulle mahdollisuuden [\u2026]<\/p>","protected":false},"author":3,"featured_media":0,"parent":0,"menu_order":0,"comment_status":"closed","ping_status":"closed","template":"","meta":{"_uag_custom_page_level_css":"","site-sidebar-layout":"default","site-content-layout":"","ast-site-content-layout":"","site-content-style":"default","site-sidebar-style":"default","ast-global-header-display":"","ast-banner-title-visibility":"","ast-main-header-display":"","ast-hfb-above-header-display":"","ast-hfb-below-header-display":"","ast-hfb-mobile-header-display":"","site-post-title":"","ast-breadcrumbs-content":"","ast-featured-img":"","footer-sml-layout":"","theme-transparent-header-meta":"","adv-header-id-meta":"","stick-header-meta":"","header-above-stick-meta":"","header-main-stick-meta":"","header-below-stick-meta":"","astra-migrate-meta-layouts":"default","ast-page-background-enabled":"default","ast-page-background-meta":{"desktop":{"background-color":"var(--ast-global-color-4)","background-image":"","background-repeat":"repeat","background-position":"center center","background-size":"auto","background-attachment":"scroll","background-type":"","background-media":"","overlay-type":"","overlay-color":"","overlay-opacity":"","overlay-gradient":""},"tablet":{"background-color":"","background-image":"","background-repeat":"repeat","background-position":"center center","background-size":"auto","background-attachment":"scroll","background-type":"","background-media":"","overlay-type":"","overlay-color":"","overlay-opacity":"","overlay-gradient":""},"mobile":{"background-color":"","background-image":"","background-repeat":"repeat","background-position":"center center","background-size":"auto","background-attachment":"scroll","background-type":"","background-media":"","overlay-type":"","overlay-color":"","overlay-opacity":"","overlay-gradient":""}},"ast-content-background-meta":{"desktop":{"background-color":"var(--ast-global-color-5)","background-image":"","background-repeat":"repeat","background-position":"center center","background-size":"auto","background-attachment":"scroll","background-type":"","background-media":"","overlay-type":"","overlay-color":"","overlay-opacity":"","overlay-gradient":""},"tablet":{"background-color":"var(--ast-global-color-5)","background-image":"","background-repeat":"repeat","background-position":"center center","background-size":"auto","background-attachment":"scroll","background-type":"","background-media":"","overlay-type":"","overlay-color":"","overlay-opacity":"","overlay-gradient":""},"mobile":{"background-color":"var(--ast-global-color-5)","background-image":"","background-repeat":"repeat","background-position":"center center","background-size":"auto","background-attachment":"scroll","background-type":"","background-media":"","overlay-type":"","overlay-color":"","overlay-opacity":"","overlay-gradient":""}},"footnotes":""},"yoast_head":"<!-- This site is optimized with the Yoast SEO plugin v23.3 - https:\/\/yoast.com\/wordpress\/plugins\/seo\/ -->\n<title>About - Explora Venue<\/title>\n<meta name=\"robots\" content=\"index, follow, max-snippet:-1, max-image-preview:large, max-video-preview:-1\" \/>\n<link rel=\"canonical\" href=\"https:\/\/exploravenue.com\/fi\/about\/\" \/>\n<meta property=\"og:locale\" content=\"fi_FI\" \/>\n<meta property=\"og:type\" content=\"article\" \/>\n<meta property=\"og:title\" content=\"About - Explora Venue\" \/>\n<meta property=\"og:description\" content=\"Welcome to Explora Venue \u2013 Your Trusted Source for Insight and Inspiration! In a fast-moving world, staying informed isn\u2019t just an advantage\u2014it\u2019s essential. Explora Venue is your go-to platform for navigating the evolving landscapes of careers, personal development, technology, innovation, and travel. Our goal is simple: to provide meaningful, actionable content that empowers you to [&hellip;]\" \/>\n<meta property=\"og:url\" content=\"https:\/\/exploravenue.com\/fi\/about\/\" \/>\n<meta property=\"og:site_name\" content=\"Explora Venue\" \/>\n<meta property=\"article:modified_time\" content=\"2025-03-05T18:51:51+00:00\" \/>\n<meta name=\"twitter:card\" content=\"summary_large_image\" \/>\n<meta name=\"twitter:label1\" content=\"Est. reading time\" \/>\n\t<meta name=\"twitter:data1\" content=\"2 minuuttia\" \/>\n<script type=\"application\/ld+json\" class=\"yoast-schema-graph\">{\"@context\":\"https:\/\/schema.org\",\"@graph\":[{\"@type\":\"WebPage\",\"@id\":\"https:\/\/exploravenue.com\/about\/\",\"url\":\"https:\/\/exploravenue.com\/about\/\",\"name\":\"About - Explora Venue\",\"isPartOf\":{\"@id\":\"https:\/\/exploravenue.com\/#website\"},\"datePublished\":\"2025-03-05T15:59:47+00:00\",\"dateModified\":\"2025-03-05T18:51:51+00:00\",\"breadcrumb\":{\"@id\":\"https:\/\/exploravenue.com\/about\/#breadcrumb\"},\"inLanguage\":\"fi\",\"potentialAction\":[{\"@type\":\"ReadAction\",\"target\":[\"https:\/\/exploravenue.com\/about\/\"]}]},{\"@type\":\"BreadcrumbList\",\"@id\":\"https:\/\/exploravenue.com\/about\/#breadcrumb\",\"itemListElement\":[{\"@type\":\"ListItem\",\"position\":1,\"name\":\"Home\",\"item\":\"https:\/\/exploravenue.com\/\"},{\"@type\":\"ListItem\",\"position\":2,\"name\":\"About\"}]},{\"@type\":\"WebSite\",\"@id\":\"https:\/\/exploravenue.com\/#website\",\"url\":\"https:\/\/exploravenue.com\/\",\"name\":\"Explora Venue\",\"description\":\"\",\"publisher\":{\"@id\":\"https:\/\/exploravenue.com\/#organization\"},\"potentialAction\":[{\"@type\":\"SearchAction\",\"target\":{\"@type\":\"EntryPoint\",\"urlTemplate\":\"https:\/\/exploravenue.com\/?s={search_term_string}\"},\"query-input\":\"required name=search_term_string\"}],\"inLanguage\":\"fi\"},{\"@type\":\"Organization\",\"@id\":\"https:\/\/exploravenue.com\/#organization\",\"name\":\"Explora Venue\",\"url\":\"https:\/\/exploravenue.com\/\",\"logo\":{\"@type\":\"ImageObject\",\"inLanguage\":\"fi\",\"@id\":\"https:\/\/exploravenue.com\/#\/schema\/logo\/image\/\",\"url\":\"https:\/\/exploravenue.com\/wp-content\/uploads\/sites\/225\/2026\/01\/cropped-EV-logo.png\",\"contentUrl\":\"https:\/\/exploravenue.com\/wp-content\/uploads\/sites\/225\/2026\/01\/cropped-EV-logo.png\",\"width\":216,\"height\":242,\"caption\":\"Explora Venue\"},\"image\":{\"@id\":\"https:\/\/exploravenue.com\/#\/schema\/logo\/image\/\"}}]}<\/script>\n<!-- \/ Yoast SEO plugin. -->","yoast_head_json":{"title":"About - Explora Venue","robots":{"index":"index","follow":"follow","max-snippet":"max-snippet:-1","max-image-preview":"max-image-preview:large","max-video-preview":"max-video-preview:-1"},"canonical":"https:\/\/exploravenue.com\/fi\/about\/","og_locale":"fi_FI","og_type":"article","og_title":"About - Explora Venue","og_description":"Welcome to Explora Venue \u2013 Your Trusted Source for Insight and Inspiration! In a fast-moving world, staying informed isn\u2019t just an advantage\u2014it\u2019s essential. Explora Venue is your go-to platform for navigating the evolving landscapes of careers, personal development, technology, innovation, and travel. Our goal is simple: to provide meaningful, actionable content that empowers you to [&hellip;]","og_url":"https:\/\/exploravenue.com\/fi\/about\/","og_site_name":"Explora Venue","article_modified_time":"2025-03-05T18:51:51+00:00","twitter_card":"summary_large_image","twitter_misc":{"Est. reading time":"2 minuuttia"},"schema":{"@context":"https:\/\/schema.org","@graph":[{"@type":"WebPage","@id":"https:\/\/exploravenue.com\/about\/","url":"https:\/\/exploravenue.com\/about\/","name":"About - Explora Venue","isPartOf":{"@id":"https:\/\/exploravenue.com\/#website"},"datePublished":"2025-03-05T15:59:47+00:00","dateModified":"2025-03-05T18:51:51+00:00","breadcrumb":{"@id":"https:\/\/exploravenue.com\/about\/#breadcrumb"},"inLanguage":"fi","potentialAction":[{"@type":"ReadAction","target":["https:\/\/exploravenue.com\/about\/"]}]},{"@type":"BreadcrumbList","@id":"https:\/\/exploravenue.com\/about\/#breadcrumb","itemListElement":[{"@type":"ListItem","position":1,"name":"Home","item":"https:\/\/exploravenue.com\/"},{"@type":"ListItem","position":2,"name":"About"}]},{"@type":"WebSite","@id":"https:\/\/exploravenue.com\/#website","url":"https:\/\/exploravenue.com\/","name":"Explora Venue","description":"","publisher":{"@id":"https:\/\/exploravenue.com\/#organization"},"potentialAction":[{"@type":"SearchAction","target":{"@type":"EntryPoint","urlTemplate":"https:\/\/exploravenue.com\/?s={search_term_string}"},"query-input":"required name=search_term_string"}],"inLanguage":"fi"},{"@type":"Organization","@id":"https:\/\/exploravenue.com\/#organization","name":"Explora Venue","url":"https:\/\/exploravenue.com\/","logo":{"@type":"ImageObject","inLanguage":"fi","@id":"https:\/\/exploravenue.com\/#\/schema\/logo\/image\/","url":"https:\/\/exploravenue.com\/wp-content\/uploads\/sites\/225\/2026\/01\/cropped-EV-logo.png","contentUrl":"https:\/\/exploravenue.com\/wp-content\/uploads\/sites\/225\/2026\/01\/cropped-EV-logo.png","width":216,"height":242,"caption":"Explora Venue"},"image":{"@id":"https:\/\/exploravenue.com\/#\/schema\/logo\/image\/"}}]}},"uagb_featured_image_src":{"full":false,"thumbnail":false,"medium":false,"medium_large":false,"large":false,"1536x1536":false,"2048x2048":false,"trp-custom-language-flag":false},"uagb_author_info":{"display_name":"Bruno Gianni","author_link":"https:\/\/exploravenue.com\/fi\/author\/bcgianni\/"},"uagb_comment_info":0,"uagb_excerpt":"Welcome to Explora Venue \u2013 Your Trusted Source for Insight and Inspiration! In a fast-moving world, staying informed isn\u2019t just an advantage\u2014it\u2019s essential. Explora Venue is your go-to platform for navigating the evolving landscapes of careers, personal development, technology, innovation, and travel. Our goal is simple: to provide meaningful, actionable content that empowers you to&hellip;","_links":{"self":[{"href":"https:\/\/exploravenue.com\/fi\/wp-json\/wp\/v2\/pages\/85"}],"collection":[{"href":"https:\/\/exploravenue.com\/fi\/wp-json\/wp\/v2\/pages"}],"about":[{"href":"https:\/\/exploravenue.com\/fi\/wp-json\/wp\/v2\/types\/page"}],"author":[{"embeddable":true,"href":"https:\/\/exploravenue.com\/fi\/wp-json\/wp\/v2\/users\/3"}],"replies":[{"embeddable":true,"href":"https:\/\/exploravenue.com\/fi\/wp-json\/wp\/v2\/comments?post=85"}],"version-history":[{"count":2,"href":"https:\/\/exploravenue.com\/fi\/wp-json\/wp\/v2\/pages\/85\/revisions"}],"predecessor-version":[{"id":87,"href":"https:\/\/exploravenue.com\/fi\/wp-json\/wp\/v2\/pages\/85\/revisions\/87"}],"wp:attachment":[{"href":"https:\/\/exploravenue.com\/fi\/wp-json\/wp\/v2\/media?parent=85"}],"curies":[{"name":"wp","href":"https:\/\/api.w.org\/{rel}","templated":true}]}}