{"id":85,"date":"2025-03-05T15:59:47","date_gmt":"2025-03-05T15:59:47","guid":{"rendered":"https:\/\/exploravenue.com\/?page_id=85"},"modified":"2025-03-05T18:51:51","modified_gmt":"2025-03-05T18:51:51","slug":"about","status":"publish","type":"page","link":"https:\/\/exploravenue.com\/de\/about\/","title":{"rendered":"Um"},"content":{"rendered":"<p><strong>Willkommen bei Explora Venue \u2013 Ihrer vertrauensw\u00fcrdigen Quelle f\u00fcr Einblicke und Inspiration<\/strong>!<\/p>\n\n\n\n<p>In einer schnelllebigen Welt ist es nicht nur von Vorteil, informiert zu bleiben, sondern unerl\u00e4sslich. Explora Venue ist Ihre Plattform f\u00fcr die Navigation durch die sich st\u00e4ndig ver\u00e4ndernden Bereiche Karriere, pers\u00f6nliche Entwicklung, Technologie, Innovation und Reisen. Unser Ziel ist einfach: Wir bieten Ihnen aussagekr\u00e4ftige, umsetzbare Inhalte, die Sie dabei unterst\u00fctzen, Ihre Ziele zu erreichen und immer einen Schritt voraus zu sein.<\/p>\n\n\n\n<h2 class=\"wp-block-heading\">Was Sie hier finden<\/h2>\n\n\n\n<p>Wir bei Explora Venue glauben, dass Wissen den Fortschritt vorantreibt. Deshalb haben wir unsere Inhalte in f\u00fcnf Schl\u00fcsselbereiche unterteilt, die Ihnen helfen sollen, zu wachsen, sich anzupassen und erfolgreich zu sein:<\/p>\n\n\n\n<h3 class=\"wp-block-heading\">Karriere<\/h3>\n\n\n\n<ul>\n<li>Weiterentwicklung Ihres beruflichen Werdegangs \u2013 Bew\u00e4hrte Strategien f\u00fcr Karrierewachstum, Networking und Produktivit\u00e4tsmaximierung.<\/li>\n\n\n\n<li>Die Zukunft der Arbeit \u2013 Bleiben Sie den Ver\u00e4nderungen am Arbeitsplatz immer einen Schritt voraus, von Remote-Jobs bis hin zur freiberuflichen T\u00e4tigkeit und dem Aufkommen digitaler Karrieren.<\/li>\n\n\n\n<li>Unverzichtbare F\u00e4higkeiten f\u00fcr morgen \u2013 Entdecken Sie die gefragtesten F\u00e4higkeiten und erfahren Sie, wie Sie diese entwickeln k\u00f6nnen, um wettbewerbsf\u00e4hig zu bleiben.<\/li>\n<\/ul>\n\n\n\n<h3 class=\"wp-block-heading\">Pers\u00f6nliches Wachstum<\/h3>\n\n\n\n<ul>\n<li>Denkweise f\u00fcr den Erfolg \u2013 Praktische Ans\u00e4tze zu Resilienz, Zielsetzung und \u00dcberwindung von Herausforderungen.<\/li>\n\n\n\n<li>Balance und Wohlbefinden \u2013 Tipps f\u00fcr die Vereinbarkeit von Beruf und Privatleben bei gleichzeitiger Aufrechterhaltung eines erf\u00fcllenden Lebensstils.<\/li>\n\n\n\n<li>Finanzielle Freiheit \u2013 Intelligente Strategien zum Sparen, Investieren und zur Sicherung Ihrer finanziellen Zukunft.<\/li>\n<\/ul>\n\n\n\n<h3 class=\"wp-block-heading\">Innovation<\/h3>\n\n\n\n<ul>\n<li>Technologie, die die Welt ver\u00e4ndert \u2013 Einblicke in KI, Blockchain, Biotechnologie und mehr.<\/li>\n\n\n\n<li>Unternehmertum und Startups \u2013 Die neuesten Trends, Expertenratschl\u00e4ge und Erfolgsgeschichten als Antrieb f\u00fcr Ihre Gesch\u00e4ftsideen.<\/li>\n\n\n\n<li>Nachhaltigkeit &amp; Fortschritt \u2013 Wie bahnbrechende Innovationen eine gr\u00fcnere Zukunft gestalten.<\/li>\n<\/ul>\n\n\n\n<h3 class=\"wp-block-heading\">Technologietrends<\/h3>\n\n\n\n<ul>\n<li>Der digitale Wandel \u2013 Wie die digitale Transformation Branchen und den Alltag neu definiert.<\/li>\n\n\n\n<li>Die Zukunft der Konnektivit\u00e4t \u2013 Was 5G und die Technologie der n\u00e4chsten Generation f\u00fcr die Welt bedeuten.<\/li>\n\n\n\n<li>Online-Sicherheit und Datenschutz \u2013 Bleiben Sie im digitalen Zeitalter mit wichtigen Sicherheitseinblicken gesch\u00fctzt.<\/li>\n<\/ul>\n\n\n\n<h3 class=\"wp-block-heading\">Reisen<\/h3>\n\n\n\n<ul>\n<li>Nachhaltige Abenteuer \u2013 Reisen Sie verantwortungsbewusst und minimieren Sie gleichzeitig Ihren \u00f6kologischen Fu\u00dfabdruck.<\/li>\n\n\n\n<li>Kulturelles Eintauchen \u2013 Entdecken Sie einzigartige Reiseziele und bedeutsame Erlebnisse.<\/li>\n\n\n\n<li>Arbeiten und Entdecken \u2013 Meistern Sie die Kunst, Remote-Arbeit mit globaler Erkundung zu verbinden.<\/li>\n<\/ul>\n\n\n\n<h2 class=\"wp-block-heading\">Warum Explora Venue?<\/h2>\n\n\n\n<p>Was uns auszeichnet, ist unser Engagement f\u00fcr wertvolle, gut recherchierte Inhalte, die \u00fcber die Oberfl\u00e4che hinausgehen. Wir sind nicht nur eine weitere Website \u2013 wir sind eine Ressource, die zum Handeln anregt, Neugier weckt und Einblicke in die reale Welt bietet.<\/p>\n\n\n\n<h3 class=\"wp-block-heading\">Wof\u00fcr wir stehen:<\/h3>\n\n\n\n<ul>\n<li>Vertrauensw\u00fcrdige, aktuelle Informationen \u2013 Jeder Artikel basiert auf glaubw\u00fcrdiger Forschung und realen Trends.<\/li>\n\n\n\n<li>Spannende und praktische Inhalte \u2013 Wir zerlegen komplexe Themen in leicht verst\u00e4ndliche, n\u00fctzliche Erkenntnisse.<\/li>\n\n\n\n<li>Ein Raum f\u00fcr Wachstum und Entdeckungen \u2013 Mehr als nur Informationen \u2013 wir ermutigen Sie, aktiv zu werden und sich weiterzuentwickeln.<\/li>\n<\/ul>\n\n\n\n<h2 class=\"wp-block-heading\">Lass uns anfangen!<\/h2>\n\n\n\n<p>Ob Sie sich beruflich weiterentwickeln m\u00f6chten, ein Technik-Enthusiast, der auf dem Laufenden bleiben m\u00f6chte, oder ein Entdecker auf der Suche nach neuen Erfahrungen \u2013 Explora Venue begleitet Sie. Lesen Sie unsere neuesten Artikel, vernetzen Sie sich mit uns und werden Sie Teil einer Community, die Wissen und Fortschritt sch\u00e4tzt.<\/p>\n\n\n\n<p>Bereit zum Entdecken? Schauen Sie sich unsere neuesten Inhalte an, lesen Sie unsere Datenschutzrichtlinie oder kontaktieren Sie uns noch heute<\/p>","protected":false},"excerpt":{"rendered":"<p>Willkommen bei Explora Venue \u2013 Ihrer vertrauensw\u00fcrdigen Quelle f\u00fcr Einblicke und Inspiration! In einer schnelllebigen Welt ist es nicht nur von Vorteil, sondern unerl\u00e4sslich, gut informiert zu sein. Explora Venue ist Ihre Plattform, um sich in den sich st\u00e4ndig wandelnden Bereichen Karriere, Pers\u00f6nlichkeitsentwicklung, Technologie, Innovation und Reisen zurechtzufinden. Unser Ziel ist einfach: Wir bieten Ihnen relevante und praxisorientierte Inhalte, die Sie bef\u00e4higen, [\u2026]<\/p>","protected":false},"author":3,"featured_media":0,"parent":0,"menu_order":0,"comment_status":"closed","ping_status":"closed","template":"","meta":{"_uag_custom_page_level_css":"","site-sidebar-layout":"default","site-content-layout":"","ast-site-content-layout":"","site-content-style":"default","site-sidebar-style":"default","ast-global-header-display":"","ast-banner-title-visibility":"","ast-main-header-display":"","ast-hfb-above-header-display":"","ast-hfb-below-header-display":"","ast-hfb-mobile-header-display":"","site-post-title":"","ast-breadcrumbs-content":"","ast-featured-img":"","footer-sml-layout":"","theme-transparent-header-meta":"","adv-header-id-meta":"","stick-header-meta":"","header-above-stick-meta":"","header-main-stick-meta":"","header-below-stick-meta":"","astra-migrate-meta-layouts":"default","ast-page-background-enabled":"default","ast-page-background-meta":{"desktop":{"background-color":"var(--ast-global-color-4)","background-image":"","background-repeat":"repeat","background-position":"center center","background-size":"auto","background-attachment":"scroll","background-type":"","background-media":"","overlay-type":"","overlay-color":"","overlay-opacity":"","overlay-gradient":""},"tablet":{"background-color":"","background-image":"","background-repeat":"repeat","background-position":"center center","background-size":"auto","background-attachment":"scroll","background-type":"","background-media":"","overlay-type":"","overlay-color":"","overlay-opacity":"","overlay-gradient":""},"mobile":{"background-color":"","background-image":"","background-repeat":"repeat","background-position":"center center","background-size":"auto","background-attachment":"scroll","background-type":"","background-media":"","overlay-type":"","overlay-color":"","overlay-opacity":"","overlay-gradient":""}},"ast-content-background-meta":{"desktop":{"background-color":"var(--ast-global-color-5)","background-image":"","background-repeat":"repeat","background-position":"center center","background-size":"auto","background-attachment":"scroll","background-type":"","background-media":"","overlay-type":"","overlay-color":"","overlay-opacity":"","overlay-gradient":""},"tablet":{"background-color":"var(--ast-global-color-5)","background-image":"","background-repeat":"repeat","background-position":"center center","background-size":"auto","background-attachment":"scroll","background-type":"","background-media":"","overlay-type":"","overlay-color":"","overlay-opacity":"","overlay-gradient":""},"mobile":{"background-color":"var(--ast-global-color-5)","background-image":"","background-repeat":"repeat","background-position":"center center","background-size":"auto","background-attachment":"scroll","background-type":"","background-media":"","overlay-type":"","overlay-color":"","overlay-opacity":"","overlay-gradient":""}},"footnotes":""},"yoast_head":"<!-- This site is optimized with the Yoast SEO plugin v23.3 - https:\/\/yoast.com\/wordpress\/plugins\/seo\/ -->\n<title>About - Explora Venue<\/title>\n<meta name=\"robots\" content=\"index, follow, max-snippet:-1, max-image-preview:large, max-video-preview:-1\" \/>\n<link rel=\"canonical\" href=\"https:\/\/exploravenue.com\/de\/about\/\" \/>\n<meta property=\"og:locale\" content=\"de_DE\" \/>\n<meta property=\"og:type\" content=\"article\" \/>\n<meta property=\"og:title\" content=\"About - Explora Venue\" \/>\n<meta property=\"og:description\" content=\"Welcome to Explora Venue \u2013 Your Trusted Source for Insight and Inspiration! In a fast-moving world, staying informed isn\u2019t just an advantage\u2014it\u2019s essential. Explora Venue is your go-to platform for navigating the evolving landscapes of careers, personal development, technology, innovation, and travel. Our goal is simple: to provide meaningful, actionable content that empowers you to [&hellip;]\" \/>\n<meta property=\"og:url\" content=\"https:\/\/exploravenue.com\/de\/about\/\" \/>\n<meta property=\"og:site_name\" content=\"Explora Venue\" \/>\n<meta property=\"article:modified_time\" content=\"2025-03-05T18:51:51+00:00\" \/>\n<meta name=\"twitter:card\" content=\"summary_large_image\" \/>\n<meta name=\"twitter:label1\" content=\"Est. reading time\" \/>\n\t<meta name=\"twitter:data1\" content=\"2 Minuten\" \/>\n<script type=\"application\/ld+json\" class=\"yoast-schema-graph\">{\"@context\":\"https:\/\/schema.org\",\"@graph\":[{\"@type\":\"WebPage\",\"@id\":\"https:\/\/exploravenue.com\/about\/\",\"url\":\"https:\/\/exploravenue.com\/about\/\",\"name\":\"About - Explora Venue\",\"isPartOf\":{\"@id\":\"https:\/\/exploravenue.com\/#website\"},\"datePublished\":\"2025-03-05T15:59:47+00:00\",\"dateModified\":\"2025-03-05T18:51:51+00:00\",\"breadcrumb\":{\"@id\":\"https:\/\/exploravenue.com\/about\/#breadcrumb\"},\"inLanguage\":\"de-DE\",\"potentialAction\":[{\"@type\":\"ReadAction\",\"target\":[\"https:\/\/exploravenue.com\/about\/\"]}]},{\"@type\":\"BreadcrumbList\",\"@id\":\"https:\/\/exploravenue.com\/about\/#breadcrumb\",\"itemListElement\":[{\"@type\":\"ListItem\",\"position\":1,\"name\":\"Home\",\"item\":\"https:\/\/exploravenue.com\/\"},{\"@type\":\"ListItem\",\"position\":2,\"name\":\"About\"}]},{\"@type\":\"WebSite\",\"@id\":\"https:\/\/exploravenue.com\/#website\",\"url\":\"https:\/\/exploravenue.com\/\",\"name\":\"Explora Venue\",\"description\":\"\",\"publisher\":{\"@id\":\"https:\/\/exploravenue.com\/#organization\"},\"potentialAction\":[{\"@type\":\"SearchAction\",\"target\":{\"@type\":\"EntryPoint\",\"urlTemplate\":\"https:\/\/exploravenue.com\/?s={search_term_string}\"},\"query-input\":\"required name=search_term_string\"}],\"inLanguage\":\"de-DE\"},{\"@type\":\"Organization\",\"@id\":\"https:\/\/exploravenue.com\/#organization\",\"name\":\"Explora Venue\",\"url\":\"https:\/\/exploravenue.com\/\",\"logo\":{\"@type\":\"ImageObject\",\"inLanguage\":\"de-DE\",\"@id\":\"https:\/\/exploravenue.com\/#\/schema\/logo\/image\/\",\"url\":\"https:\/\/exploravenue.com\/wp-content\/uploads\/sites\/225\/2026\/01\/cropped-EV-logo.png\",\"contentUrl\":\"https:\/\/exploravenue.com\/wp-content\/uploads\/sites\/225\/2026\/01\/cropped-EV-logo.png\",\"width\":216,\"height\":242,\"caption\":\"Explora Venue\"},\"image\":{\"@id\":\"https:\/\/exploravenue.com\/#\/schema\/logo\/image\/\"}}]}<\/script>\n<!-- \/ Yoast SEO plugin. -->","yoast_head_json":{"title":"About - Explora Venue","robots":{"index":"index","follow":"follow","max-snippet":"max-snippet:-1","max-image-preview":"max-image-preview:large","max-video-preview":"max-video-preview:-1"},"canonical":"https:\/\/exploravenue.com\/de\/about\/","og_locale":"de_DE","og_type":"article","og_title":"About - Explora Venue","og_description":"Welcome to Explora Venue \u2013 Your Trusted Source for Insight and Inspiration! In a fast-moving world, staying informed isn\u2019t just an advantage\u2014it\u2019s essential. Explora Venue is your go-to platform for navigating the evolving landscapes of careers, personal development, technology, innovation, and travel. Our goal is simple: to provide meaningful, actionable content that empowers you to [&hellip;]","og_url":"https:\/\/exploravenue.com\/de\/about\/","og_site_name":"Explora Venue","article_modified_time":"2025-03-05T18:51:51+00:00","twitter_card":"summary_large_image","twitter_misc":{"Est. reading time":"2 Minuten"},"schema":{"@context":"https:\/\/schema.org","@graph":[{"@type":"WebPage","@id":"https:\/\/exploravenue.com\/about\/","url":"https:\/\/exploravenue.com\/about\/","name":"About - Explora Venue","isPartOf":{"@id":"https:\/\/exploravenue.com\/#website"},"datePublished":"2025-03-05T15:59:47+00:00","dateModified":"2025-03-05T18:51:51+00:00","breadcrumb":{"@id":"https:\/\/exploravenue.com\/about\/#breadcrumb"},"inLanguage":"de-DE","potentialAction":[{"@type":"ReadAction","target":["https:\/\/exploravenue.com\/about\/"]}]},{"@type":"BreadcrumbList","@id":"https:\/\/exploravenue.com\/about\/#breadcrumb","itemListElement":[{"@type":"ListItem","position":1,"name":"Home","item":"https:\/\/exploravenue.com\/"},{"@type":"ListItem","position":2,"name":"About"}]},{"@type":"WebSite","@id":"https:\/\/exploravenue.com\/#website","url":"https:\/\/exploravenue.com\/","name":"Explora Venue","description":"","publisher":{"@id":"https:\/\/exploravenue.com\/#organization"},"potentialAction":[{"@type":"SearchAction","target":{"@type":"EntryPoint","urlTemplate":"https:\/\/exploravenue.com\/?s={search_term_string}"},"query-input":"required name=search_term_string"}],"inLanguage":"de-DE"},{"@type":"Organization","@id":"https:\/\/exploravenue.com\/#organization","name":"Explora Venue","url":"https:\/\/exploravenue.com\/","logo":{"@type":"ImageObject","inLanguage":"de-DE","@id":"https:\/\/exploravenue.com\/#\/schema\/logo\/image\/","url":"https:\/\/exploravenue.com\/wp-content\/uploads\/sites\/225\/2026\/01\/cropped-EV-logo.png","contentUrl":"https:\/\/exploravenue.com\/wp-content\/uploads\/sites\/225\/2026\/01\/cropped-EV-logo.png","width":216,"height":242,"caption":"Explora Venue"},"image":{"@id":"https:\/\/exploravenue.com\/#\/schema\/logo\/image\/"}}]}},"uagb_featured_image_src":{"full":false,"thumbnail":false,"medium":false,"medium_large":false,"large":false,"1536x1536":false,"2048x2048":false,"trp-custom-language-flag":false},"uagb_author_info":{"display_name":"Bruno Gianni","author_link":"https:\/\/exploravenue.com\/de\/author\/bcgianni\/"},"uagb_comment_info":0,"uagb_excerpt":"Welcome to Explora Venue \u2013 Your Trusted Source for Insight and Inspiration! In a fast-moving world, staying informed isn\u2019t just an advantage\u2014it\u2019s essential. Explora Venue is your go-to platform for navigating the evolving landscapes of careers, personal development, technology, innovation, and travel. Our goal is simple: to provide meaningful, actionable content that empowers you to&hellip;","_links":{"self":[{"href":"https:\/\/exploravenue.com\/de\/wp-json\/wp\/v2\/pages\/85"}],"collection":[{"href":"https:\/\/exploravenue.com\/de\/wp-json\/wp\/v2\/pages"}],"about":[{"href":"https:\/\/exploravenue.com\/de\/wp-json\/wp\/v2\/types\/page"}],"author":[{"embeddable":true,"href":"https:\/\/exploravenue.com\/de\/wp-json\/wp\/v2\/users\/3"}],"replies":[{"embeddable":true,"href":"https:\/\/exploravenue.com\/de\/wp-json\/wp\/v2\/comments?post=85"}],"version-history":[{"count":2,"href":"https:\/\/exploravenue.com\/de\/wp-json\/wp\/v2\/pages\/85\/revisions"}],"predecessor-version":[{"id":87,"href":"https:\/\/exploravenue.com\/de\/wp-json\/wp\/v2\/pages\/85\/revisions\/87"}],"wp:attachment":[{"href":"https:\/\/exploravenue.com\/de\/wp-json\/wp\/v2\/media?parent=85"}],"curies":[{"name":"wp","href":"https:\/\/api.w.org\/{rel}","templated":true}]}}