{"id":85,"date":"2025-03-05T15:59:47","date_gmt":"2025-03-05T15:59:47","guid":{"rendered":"https:\/\/exploravenue.com\/?page_id=85"},"modified":"2025-03-05T18:51:51","modified_gmt":"2025-03-05T18:51:51","slug":"about","status":"publish","type":"page","link":"https:\/\/exploravenue.com\/cs\/about\/","title":{"rendered":"O"},"content":{"rendered":"<p><strong>V\u00edtejte v Explora Venue \u2013 va\u0161em d\u016fv\u011bryhodn\u00e9m zdroji informac\u00ed a inspirace<\/strong>!<\/p>\n\n\n\n<p>V rychle se m\u011bn\u00edc\u00edm sv\u011bt\u011b nen\u00ed informovanost jen v\u00fdhodou \u2013 je to nezbytnost. Explora Venue je va\u0161e platforma pro navigaci v neust\u00e1le se vyv\u00edjej\u00edc\u00edm prost\u0159ed\u00ed kari\u00e9ry, osobn\u00edho rozvoje, technologi\u00ed, inovac\u00ed a cestov\u00e1n\u00ed. Na\u0161\u00edm c\u00edlem je jednoduch\u00fd: poskytovat smyslupln\u00fd a u\u017eite\u010dn\u00fd obsah, kter\u00fd v\u00e1m umo\u017en\u00ed dos\u00e1hnout va\u0161ich ambic\u00ed a z\u016fstat o krok nap\u0159ed.<\/p>\n\n\n\n<h2 class=\"wp-block-heading\">Co zde najdete<\/h2>\n\n\n\n<p>V Explora Venue v\u011b\u0159\u00edme, \u017ee znalosti jsou hnac\u00edm motorem pokroku. Proto jsme n\u00e1\u0161 obsah rozd\u011blili do p\u011bti kl\u00ed\u010dov\u00fdch oblast\u00ed, kter\u00e9 v\u00e1m pomohou s r\u016fstem, adaptac\u00ed a prosperitou:<\/p>\n\n\n\n<h3 class=\"wp-block-heading\">Kari\u00e9ra<\/h3>\n\n\n\n<ul>\n<li>Pokrok na va\u0161\u00ed profesn\u00ed dr\u00e1ze \u2013 Osv\u011bd\u010den\u00e9 strategie pro kari\u00e9rn\u00ed r\u016fst, networking a maximalizaci produktivity.<\/li>\n\n\n\n<li>Budoucnost pr\u00e1ce \u2013 Udr\u017eujte si n\u00e1skok p\u0159ed zm\u011bnami na pracovi\u0161ti, od pr\u00e1ce na d\u00e1lku a\u017e po pr\u00e1ci na voln\u00e9 noze a vzestup digit\u00e1ln\u00edch kari\u00e9r.<\/li>\n\n\n\n<li>Z\u00e1kladn\u00ed dovednosti pro z\u00edt\u0159ek \u2013 Prozkoumejte nejvyhled\u00e1van\u011bj\u0161\u00ed dovednosti a jak je rozv\u00edjet, abyste z\u016fstali konkurenceschopn\u00ed.<\/li>\n<\/ul>\n\n\n\n<h3 class=\"wp-block-heading\">Osobn\u00ed r\u016fst<\/h3>\n\n\n\n<ul>\n<li>My\u0161len\u00ed pro \u00fasp\u011bch \u2013 Praktick\u00e9 p\u0159\u00edstupy k odolnosti, stanovov\u00e1n\u00ed c\u00edl\u016f a p\u0159ekon\u00e1v\u00e1n\u00ed v\u00fdzev.<\/li>\n\n\n\n<li>Rovnov\u00e1ha a pohoda \u2013 Tipy pro zvl\u00e1d\u00e1n\u00ed harmonie mezi pracovn\u00edm a soukrom\u00fdm \u017eivotem a z\u00e1rove\u0148 pro udr\u017een\u00ed napl\u0148uj\u00edc\u00edho \u017eivotn\u00edho stylu.<\/li>\n\n\n\n<li>Finan\u010dn\u00ed svoboda \u2013 Chytr\u00e9 strategie pro spo\u0159en\u00ed, investov\u00e1n\u00ed a zaji\u0161t\u011bn\u00ed va\u0161\u00ed finan\u010dn\u00ed budoucnosti.<\/li>\n<\/ul>\n\n\n\n<h3 class=\"wp-block-heading\">Inovace<\/h3>\n\n\n\n<ul>\n<li>Technologie, kter\u00e9 m\u011bn\u00ed sv\u011bt \u2013 Pohled na um\u011blou inteligenci, blockchain, biotechnologie a dal\u0161\u00ed.<\/li>\n\n\n\n<li>Podnik\u00e1n\u00ed a startupy \u2013 Nejnov\u011bj\u0161\u00ed trendy, odborn\u00e9 rady a \u00fasp\u011b\u0161n\u00e9 p\u0159\u00edb\u011bhy, kter\u00e9 podn\u00edt\u00ed va\u0161e podnikatelsk\u00e9 n\u00e1pady.<\/li>\n\n\n\n<li>Udr\u017eitelnost a pokrok \u2013 Jak pr\u016flomov\u00e9 inovace utv\u00e1\u0159ej\u00ed zelen\u011bj\u0161\u00ed budoucnost.<\/li>\n<\/ul>\n\n\n\n<h3 class=\"wp-block-heading\">Technologick\u00e9 trendy<\/h3>\n\n\n\n<ul>\n<li>Digit\u00e1ln\u00ed posun \u2013 Jak digit\u00e1ln\u00ed transformace nov\u011b definuje pr\u016fmyslov\u00e1 odv\u011btv\u00ed a ka\u017edodenn\u00ed \u017eivot.<\/li>\n\n\n\n<li>Budoucnost konektivity \u2013 Co 5G a technologie nov\u00e9 generace znamenaj\u00ed pro sv\u011bt.<\/li>\n\n\n\n<li>Bezpe\u010dnost a soukrom\u00ed online \u2013 Z\u016fsta\u0148te v bezpe\u010d\u00ed v digit\u00e1ln\u00edm v\u011bku d\u00edky z\u00e1kladn\u00edm bezpe\u010dnostn\u00edm informac\u00edm.<\/li>\n<\/ul>\n\n\n\n<h3 class=\"wp-block-heading\">Cestovat<\/h3>\n\n\n\n<ul>\n<li>Udr\u017eiteln\u00e1 dobrodru\u017estv\u00ed \u2013 Cestujte zodpov\u011bdn\u011b a z\u00e1rove\u0148 minimalizujte svou ekologickou stopu.<\/li>\n\n\n\n<li>Kulturn\u00ed pono\u0159en\u00ed \u2013 Objevte jedine\u010dn\u00e9 destinace a smyslupln\u00e9 z\u00e1\u017eitky.<\/li>\n\n\n\n<li>Pracujte a objevujte \u2013 Ovl\u00e1dn\u011bte um\u011bn\u00ed kombinovat pr\u00e1ci na d\u00e1lku s glob\u00e1ln\u00edm objevov\u00e1n\u00edm.<\/li>\n<\/ul>\n\n\n\n<h2 class=\"wp-block-heading\">Pro\u010d Explora Venue?<\/h2>\n\n\n\n<p>To, co n\u00e1s odli\u0161uje, je n\u00e1\u0161 z\u00e1vazek poskytovat hodnotn\u00fd a dob\u0159e prozkouman\u00fd obsah, kter\u00fd jde za hranice b\u011b\u017en\u00e9ho. Nejsme jen dal\u0161\u00ed webov\u00e9 str\u00e1nky \u2013 jsme zdrojem, kter\u00fd inspiruje k akci, podn\u011bcuje zv\u011bdavost a poskytuje poznatky z re\u00e1ln\u00e9ho sv\u011bta.<\/p>\n\n\n\n<h3 class=\"wp-block-heading\">Za \u010d\u00edm si stoj\u00edme:<\/h3>\n\n\n\n<ul>\n<li>D\u016fv\u011bryhodn\u00e9 a aktu\u00e1ln\u00ed informace \u2013 Ka\u017ed\u00fd \u010dl\u00e1nek je zalo\u017een na d\u016fv\u011bryhodn\u00e9m v\u00fdzkumu a trendech z re\u00e1ln\u00e9ho sv\u011bta.<\/li>\n\n\n\n<li>Poutav\u00fd a praktick\u00fd obsah \u2013 Slo\u017eit\u00e1 t\u00e9mata rozd\u011blujeme na srozumiteln\u00e9 a u\u017eite\u010dn\u00e9 poznatky.<\/li>\n\n\n\n<li>Prostor pro r\u016fst a objevov\u00e1n\u00ed \u2013 V\u00edce ne\u017e jen informace \u2013 povzbuzujeme v\u00e1s k akci a v\u00fdvoji.<\/li>\n<\/ul>\n\n\n\n<h2 class=\"wp-block-heading\">Za\u010dn\u011bme!<\/h2>\n\n\n\n<p>A\u0165 u\u017e jste profesion\u00e1l, kter\u00fd se chce rozv\u00edjet, technologick\u00fd nad\u0161enec, kter\u00fd se chce neust\u00e1le informovat, nebo pr\u016fzkumn\u00edk hledaj\u00edc\u00ed nov\u00e9 zku\u0161enosti, Explora Venue je tu, aby v\u00e1s provedl. Pono\u0159te se do na\u0161ich nejnov\u011bj\u0161\u00edch \u010dl\u00e1nk\u016f, spojte se s n\u00e1mi a sta\u0148te se sou\u010d\u00e1st\u00ed komunity, kter\u00e1 si cen\u00ed znalost\u00ed a pokroku.<\/p>\n\n\n\n<p>P\u0159ipraveni prozkoumat? Pod\u00edvejte se na n\u00e1\u0161 nejnov\u011bj\u0161\u00ed obsah, prostudujte si na\u0161e Z\u00e1sady ochrany osobn\u00edch \u00fadaj\u016f nebo n\u00e1s kontaktujte je\u0161t\u011b dnes.<\/p>","protected":false},"excerpt":{"rendered":"<p>V\u00edtejte v Explora Venue \u2013 va\u0161em d\u016fv\u011bryhodn\u00e9m zdroji informac\u00ed a inspirace! V rychle se m\u011bn\u00edc\u00edm sv\u011bt\u011b nen\u00ed informovanost jen v\u00fdhodou \u2013 je nezbytn\u00e1. Explora Venue je va\u0161e platforma pro navigaci v m\u011bn\u00edc\u00edm se prost\u0159ed\u00ed kari\u00e9ry, osobn\u00edho rozvoje, technologi\u00ed, inovac\u00ed a cestov\u00e1n\u00ed. Na\u0161\u00edm c\u00edlem je jednoduch\u00fd: poskytovat smyslupln\u00fd a praktick\u00fd obsah, kter\u00fd v\u00e1m umo\u017en\u00ed [\u2026]<\/p>","protected":false},"author":3,"featured_media":0,"parent":0,"menu_order":0,"comment_status":"closed","ping_status":"closed","template":"","meta":{"_uag_custom_page_level_css":"","site-sidebar-layout":"default","site-content-layout":"","ast-site-content-layout":"","site-content-style":"default","site-sidebar-style":"default","ast-global-header-display":"","ast-banner-title-visibility":"","ast-main-header-display":"","ast-hfb-above-header-display":"","ast-hfb-below-header-display":"","ast-hfb-mobile-header-display":"","site-post-title":"","ast-breadcrumbs-content":"","ast-featured-img":"","footer-sml-layout":"","theme-transparent-header-meta":"","adv-header-id-meta":"","stick-header-meta":"","header-above-stick-meta":"","header-main-stick-meta":"","header-below-stick-meta":"","astra-migrate-meta-layouts":"default","ast-page-background-enabled":"default","ast-page-background-meta":{"desktop":{"background-color":"var(--ast-global-color-4)","background-image":"","background-repeat":"repeat","background-position":"center center","background-size":"auto","background-attachment":"scroll","background-type":"","background-media":"","overlay-type":"","overlay-color":"","overlay-opacity":"","overlay-gradient":""},"tablet":{"background-color":"","background-image":"","background-repeat":"repeat","background-position":"center center","background-size":"auto","background-attachment":"scroll","background-type":"","background-media":"","overlay-type":"","overlay-color":"","overlay-opacity":"","overlay-gradient":""},"mobile":{"background-color":"","background-image":"","background-repeat":"repeat","background-position":"center center","background-size":"auto","background-attachment":"scroll","background-type":"","background-media":"","overlay-type":"","overlay-color":"","overlay-opacity":"","overlay-gradient":""}},"ast-content-background-meta":{"desktop":{"background-color":"var(--ast-global-color-5)","background-image":"","background-repeat":"repeat","background-position":"center center","background-size":"auto","background-attachment":"scroll","background-type":"","background-media":"","overlay-type":"","overlay-color":"","overlay-opacity":"","overlay-gradient":""},"tablet":{"background-color":"var(--ast-global-color-5)","background-image":"","background-repeat":"repeat","background-position":"center center","background-size":"auto","background-attachment":"scroll","background-type":"","background-media":"","overlay-type":"","overlay-color":"","overlay-opacity":"","overlay-gradient":""},"mobile":{"background-color":"var(--ast-global-color-5)","background-image":"","background-repeat":"repeat","background-position":"center center","background-size":"auto","background-attachment":"scroll","background-type":"","background-media":"","overlay-type":"","overlay-color":"","overlay-opacity":"","overlay-gradient":""}},"footnotes":""},"yoast_head":"<!-- This site is optimized with the Yoast SEO plugin v23.3 - https:\/\/yoast.com\/wordpress\/plugins\/seo\/ -->\n<title>About - Explora Venue<\/title>\n<meta name=\"robots\" content=\"index, follow, max-snippet:-1, max-image-preview:large, max-video-preview:-1\" \/>\n<link rel=\"canonical\" href=\"https:\/\/exploravenue.com\/cs\/about\/\" \/>\n<meta property=\"og:locale\" content=\"cs_CZ\" \/>\n<meta property=\"og:type\" content=\"article\" \/>\n<meta property=\"og:title\" content=\"About - Explora Venue\" \/>\n<meta property=\"og:description\" content=\"Welcome to Explora Venue \u2013 Your Trusted Source for Insight and Inspiration! In a fast-moving world, staying informed isn\u2019t just an advantage\u2014it\u2019s essential. Explora Venue is your go-to platform for navigating the evolving landscapes of careers, personal development, technology, innovation, and travel. Our goal is simple: to provide meaningful, actionable content that empowers you to [&hellip;]\" \/>\n<meta property=\"og:url\" content=\"https:\/\/exploravenue.com\/cs\/about\/\" \/>\n<meta property=\"og:site_name\" content=\"Explora Venue\" \/>\n<meta property=\"article:modified_time\" content=\"2025-03-05T18:51:51+00:00\" \/>\n<meta name=\"twitter:card\" content=\"summary_large_image\" \/>\n<meta name=\"twitter:label1\" content=\"Est. reading time\" \/>\n\t<meta name=\"twitter:data1\" content=\"2 minuty\" \/>\n<script type=\"application\/ld+json\" class=\"yoast-schema-graph\">{\"@context\":\"https:\/\/schema.org\",\"@graph\":[{\"@type\":\"WebPage\",\"@id\":\"https:\/\/exploravenue.com\/about\/\",\"url\":\"https:\/\/exploravenue.com\/about\/\",\"name\":\"About - Explora Venue\",\"isPartOf\":{\"@id\":\"https:\/\/exploravenue.com\/#website\"},\"datePublished\":\"2025-03-05T15:59:47+00:00\",\"dateModified\":\"2025-03-05T18:51:51+00:00\",\"breadcrumb\":{\"@id\":\"https:\/\/exploravenue.com\/about\/#breadcrumb\"},\"inLanguage\":\"cs\",\"potentialAction\":[{\"@type\":\"ReadAction\",\"target\":[\"https:\/\/exploravenue.com\/about\/\"]}]},{\"@type\":\"BreadcrumbList\",\"@id\":\"https:\/\/exploravenue.com\/about\/#breadcrumb\",\"itemListElement\":[{\"@type\":\"ListItem\",\"position\":1,\"name\":\"Home\",\"item\":\"https:\/\/exploravenue.com\/\"},{\"@type\":\"ListItem\",\"position\":2,\"name\":\"About\"}]},{\"@type\":\"WebSite\",\"@id\":\"https:\/\/exploravenue.com\/#website\",\"url\":\"https:\/\/exploravenue.com\/\",\"name\":\"Explora Venue\",\"description\":\"\",\"publisher\":{\"@id\":\"https:\/\/exploravenue.com\/#organization\"},\"potentialAction\":[{\"@type\":\"SearchAction\",\"target\":{\"@type\":\"EntryPoint\",\"urlTemplate\":\"https:\/\/exploravenue.com\/?s={search_term_string}\"},\"query-input\":\"required name=search_term_string\"}],\"inLanguage\":\"cs\"},{\"@type\":\"Organization\",\"@id\":\"https:\/\/exploravenue.com\/#organization\",\"name\":\"Explora Venue\",\"url\":\"https:\/\/exploravenue.com\/\",\"logo\":{\"@type\":\"ImageObject\",\"inLanguage\":\"cs\",\"@id\":\"https:\/\/exploravenue.com\/#\/schema\/logo\/image\/\",\"url\":\"https:\/\/exploravenue.com\/wp-content\/uploads\/sites\/225\/2026\/01\/cropped-EV-logo.png\",\"contentUrl\":\"https:\/\/exploravenue.com\/wp-content\/uploads\/sites\/225\/2026\/01\/cropped-EV-logo.png\",\"width\":216,\"height\":242,\"caption\":\"Explora Venue\"},\"image\":{\"@id\":\"https:\/\/exploravenue.com\/#\/schema\/logo\/image\/\"}}]}<\/script>\n<!-- \/ Yoast SEO plugin. -->","yoast_head_json":{"title":"About - Explora Venue","robots":{"index":"index","follow":"follow","max-snippet":"max-snippet:-1","max-image-preview":"max-image-preview:large","max-video-preview":"max-video-preview:-1"},"canonical":"https:\/\/exploravenue.com\/cs\/about\/","og_locale":"cs_CZ","og_type":"article","og_title":"About - Explora Venue","og_description":"Welcome to Explora Venue \u2013 Your Trusted Source for Insight and Inspiration! In a fast-moving world, staying informed isn\u2019t just an advantage\u2014it\u2019s essential. Explora Venue is your go-to platform for navigating the evolving landscapes of careers, personal development, technology, innovation, and travel. Our goal is simple: to provide meaningful, actionable content that empowers you to [&hellip;]","og_url":"https:\/\/exploravenue.com\/cs\/about\/","og_site_name":"Explora Venue","article_modified_time":"2025-03-05T18:51:51+00:00","twitter_card":"summary_large_image","twitter_misc":{"Est. reading time":"2 minuty"},"schema":{"@context":"https:\/\/schema.org","@graph":[{"@type":"WebPage","@id":"https:\/\/exploravenue.com\/about\/","url":"https:\/\/exploravenue.com\/about\/","name":"About - Explora Venue","isPartOf":{"@id":"https:\/\/exploravenue.com\/#website"},"datePublished":"2025-03-05T15:59:47+00:00","dateModified":"2025-03-05T18:51:51+00:00","breadcrumb":{"@id":"https:\/\/exploravenue.com\/about\/#breadcrumb"},"inLanguage":"cs","potentialAction":[{"@type":"ReadAction","target":["https:\/\/exploravenue.com\/about\/"]}]},{"@type":"BreadcrumbList","@id":"https:\/\/exploravenue.com\/about\/#breadcrumb","itemListElement":[{"@type":"ListItem","position":1,"name":"Home","item":"https:\/\/exploravenue.com\/"},{"@type":"ListItem","position":2,"name":"About"}]},{"@type":"WebSite","@id":"https:\/\/exploravenue.com\/#website","url":"https:\/\/exploravenue.com\/","name":"Explora Venue","description":"","publisher":{"@id":"https:\/\/exploravenue.com\/#organization"},"potentialAction":[{"@type":"SearchAction","target":{"@type":"EntryPoint","urlTemplate":"https:\/\/exploravenue.com\/?s={search_term_string}"},"query-input":"required name=search_term_string"}],"inLanguage":"cs"},{"@type":"Organization","@id":"https:\/\/exploravenue.com\/#organization","name":"Explora Venue","url":"https:\/\/exploravenue.com\/","logo":{"@type":"ImageObject","inLanguage":"cs","@id":"https:\/\/exploravenue.com\/#\/schema\/logo\/image\/","url":"https:\/\/exploravenue.com\/wp-content\/uploads\/sites\/225\/2026\/01\/cropped-EV-logo.png","contentUrl":"https:\/\/exploravenue.com\/wp-content\/uploads\/sites\/225\/2026\/01\/cropped-EV-logo.png","width":216,"height":242,"caption":"Explora Venue"},"image":{"@id":"https:\/\/exploravenue.com\/#\/schema\/logo\/image\/"}}]}},"uagb_featured_image_src":{"full":false,"thumbnail":false,"medium":false,"medium_large":false,"large":false,"1536x1536":false,"2048x2048":false,"trp-custom-language-flag":false},"uagb_author_info":{"display_name":"Bruno Gianni","author_link":"https:\/\/exploravenue.com\/cs\/author\/bcgianni\/"},"uagb_comment_info":0,"uagb_excerpt":"Welcome to Explora Venue \u2013 Your Trusted Source for Insight and Inspiration! In a fast-moving world, staying informed isn\u2019t just an advantage\u2014it\u2019s essential. Explora Venue is your go-to platform for navigating the evolving landscapes of careers, personal development, technology, innovation, and travel. Our goal is simple: to provide meaningful, actionable content that empowers you to&hellip;","_links":{"self":[{"href":"https:\/\/exploravenue.com\/cs\/wp-json\/wp\/v2\/pages\/85"}],"collection":[{"href":"https:\/\/exploravenue.com\/cs\/wp-json\/wp\/v2\/pages"}],"about":[{"href":"https:\/\/exploravenue.com\/cs\/wp-json\/wp\/v2\/types\/page"}],"author":[{"embeddable":true,"href":"https:\/\/exploravenue.com\/cs\/wp-json\/wp\/v2\/users\/3"}],"replies":[{"embeddable":true,"href":"https:\/\/exploravenue.com\/cs\/wp-json\/wp\/v2\/comments?post=85"}],"version-history":[{"count":2,"href":"https:\/\/exploravenue.com\/cs\/wp-json\/wp\/v2\/pages\/85\/revisions"}],"predecessor-version":[{"id":87,"href":"https:\/\/exploravenue.com\/cs\/wp-json\/wp\/v2\/pages\/85\/revisions\/87"}],"wp:attachment":[{"href":"https:\/\/exploravenue.com\/cs\/wp-json\/wp\/v2\/media?parent=85"}],"curies":[{"name":"wp","href":"https:\/\/api.w.org\/{rel}","templated":true}]}}