{"id":430,"date":"2025-06-27T12:13:49","date_gmt":"2025-06-27T12:13:49","guid":{"rendered":"https:\/\/exploravenue.com\/about-us\/"},"modified":"2025-06-27T12:13:57","modified_gmt":"2025-06-27T12:13:57","slug":"about-us","status":"publish","type":"page","link":"https:\/\/exploravenue.com\/cs\/about-us\/","title":{"rendered":"O n\u00e1s"},"content":{"rendered":"<div class=\"wp-block-uagb-container uag-blocks-common-selector uagb-block-d8b2f056 alignfull uagb-is-root-container\"><div class=\"uagb-container-inner-blocks-wrap\">\n<div class=\"wp-block-uagb-advanced-heading uagb-block-6ff4f5ff\"><h1 class=\"uagb-heading-text\">O n\u00e1s<\/h1><\/div>\n\n\n\n<div class=\"wp-block-uagb-image uagb-block-c43d2685 wp-block-uagb-image--layout-default wp-block-uagb-image--effect-static wp-block-uagb-image--align-none uag-blocks-common-selector\" style=\"--z-index-desktop:undefined;;--z-index-tablet:1;;--z-index-mobile:undefined;\"><figure class=\"wp-block-uagb-image__figure\"><img decoding=\"async\" srcset=\"https:\/\/exploravenue.com\/wp-content\/uploads\/sites\/225\/2021\/05\/inner-page-hero-img.jpg ,https:\/\/exploravenue.com\/wp-content\/uploads\/sites\/225\/2021\/05\/inner-page-hero-img.jpg 780w, https:\/\/exploravenue.com\/wp-content\/uploads\/sites\/225\/2021\/05\/inner-page-hero-img.jpg 360w\" sizes=\"(max-width: 480px) 150px\" src=\"https:\/\/exploravenue.com\/wp-content\/uploads\/sites\/225\/2021\/05\/inner-page-hero-img.jpg\" alt=\"\" class=\"uag-image-135\" width=\"600\" height=\"319\" title=\"\" loading=\"lazy\" role=\"img\"\/><\/figure><\/div>\n<\/div><\/div>\n\n\n\n<div class=\"wp-block-uagb-container uag-blocks-common-selector uagb-block-87097184 alignfull uagb-is-root-container\"><div class=\"uagb-container-inner-blocks-wrap\">\n<div class=\"wp-block-uagb-advanced-heading uagb-block-860f22fa\"><h2 class=\"uagb-heading-text\">Kou\u010dov\u00e1n\u00ed pro \u0161ampiony!<\/h2><\/div>\n\n\n\n<div class=\"wp-block-uagb-container uagb-layout-grid uagb-block-27cc4cd9 alignfull uagb-is-root-container\"><div class=\"uagb-container-inner-blocks-wrap\">\n<div class=\"wp-block-uagb-image uagb-block-e6df50da wp-block-uagb-image--layout-default wp-block-uagb-image--effect-static wp-block-uagb-image--align-none\"><figure class=\"wp-block-uagb-image__figure\"><img decoding=\"async\" srcset=\"https:\/\/exploravenue.com\/wp-content\/uploads\/sites\/225\/2021\/05\/home-about-img.jpg ,https:\/\/exploravenue.com\/wp-content\/uploads\/sites\/225\/2021\/05\/home-about-img.jpg 780w, https:\/\/exploravenue.com\/wp-content\/uploads\/sites\/225\/2021\/05\/home-about-img.jpg 360w\" sizes=\"(max-width: 480px) 150px\" src=\"https:\/\/exploravenue.com\/wp-content\/uploads\/sites\/225\/2021\/05\/home-about-img.jpg\" alt=\"\" class=\"uag-image-80\" width=\"600\" height=\"480\" title=\"\" loading=\"lazy\" role=\"img\"\/><\/figure><\/div>\n\n\n\n<div class=\"wp-block-uagb-info-box uagb-block-87689283 uagb-infobox__content-wrap  uagb-infobox-icon-above-title uagb-infobox-image-valign-top\"><div class=\"uagb-ifb-content\"><div class=\"uagb-ifb-title-wrap\"><h4 class=\"uagb-ifb-title\">Zam\u011b\u0159me se na tr\u017eby, vy\u0161\u0161\u00ed zisky, produktivn\u00ed t\u00fdmy, lep\u0161\u00ed pen\u011b\u017en\u00ed toky a prost\u011b jen na v\u011bt\u0161\u00ed klid.<\/h4><\/div><p class=\"uagb-ifb-desc\">D\u00edky 10 let\u016fm zku\u0161enost\u00ed s r\u016fstem firem jsme si osvojili dovednosti v porozum\u011bn\u00ed obchodn\u00edm po\u017eadavk\u016fm bez ohledu na odv\u011btv\u00ed, kter\u00e9mu slou\u017e\u00ed. Na\u0161i klienti sahaj\u00ed od mal\u00fdch startup\u016f a\u017e po v\u011bt\u0161\u00ed korporace, kter\u00e9 cht\u011bj\u00ed posunout sv\u00e9 podnik\u00e1n\u00ed na vy\u0161\u0161\u00ed \u00farove\u0148.<br><br>Pomohli jsme podnikatel\u016fm zalo\u017eit firmu, vybudovat produktivn\u00ed t\u00fdmy a maxim\u00e1ln\u011b vyu\u017e\u00edt dostupn\u00e9 zdroje.<\/p><\/div><\/div>\n<\/div><\/div>\n\n\n\n<div class=\"wp-block-uagb-container uagb-layout-grid uagb-block-41452f58 alignfull uagb-is-root-container\"><div class=\"uagb-container-inner-blocks-wrap\">\n<div class=\"wp-block-uagb-advanced-heading uagb-block-b87c2a9f\"><h3 class=\"uagb-heading-text\">Mise.<\/h3><p class=\"uagb-desc-text\">Vn\u00e9st jasno do priorit, strategi\u00ed a p\u0159\u00edle\u017eitost\u00ed v r\u00e1mci podnik\u016f nebo rol\u00ed, abyste jim pomohli dos\u00e1hnout po\u017eadovan\u00fdch v\u00fdjime\u010dn\u00fdch v\u00fdsledk\u016f.<\/p><\/div>\n\n\n\n<div class=\"wp-block-uagb-advanced-heading uagb-block-2e30fbf9\"><h3 class=\"uagb-heading-text\">Vid\u011bn\u00ed.<\/h3><p class=\"uagb-desc-text\">Sna\u017e\u00edme se umo\u017enit na\u0161im klient\u016fm jasn\u00fd sm\u011br, zam\u011b\u0159en\u00ed a dosa\u017een\u00ed \u00fasp\u011bchu ve v\u0161ech oblastech jejich podnik\u00e1n\u00ed.<\/p><\/div>\n<\/div><\/div>\n<\/div><\/div>\n\n\n\n<div class=\"wp-block-uagb-container uagb-block-2efce2cd alignfull uagb-is-root-container\"><div class=\"uagb-container-inner-blocks-wrap\">\n<div class=\"wp-block-uagb-advanced-heading uagb-block-d68d0a27\"><h2 class=\"uagb-heading-text\">N\u00e1\u0161 t\u00fdm<\/h2><\/div>\n\n\n\n<div class=\"wp-block-uagb-container uagb-block-60faf64a alignfull uagb-is-root-container\"><div class=\"uagb-container-inner-blocks-wrap\">\n<div class=\"wp-block-uagb-info-box uagb-block-9f4422ce uagb-infobox__content-wrap  uagb-infobox-icon-above-title uagb-infobox-image-valign-top wp-block-uagb-info-box--has-margin\"><div class=\"uagb-infobox-margin-wrapper\"><div class=\"uagb-ifb-content\"><div class=\"uagb-ifb-image-content\"><img decoding=\"async\" src=\"https:\/\/exploravenue.com\/wp-content\/uploads\/sites\/225\/2021\/05\/team-1.jpg\" alt=\"\" width=\"500\" height=\"500\" loading=\"lazy\"\/><\/div><div class=\"uagb-ifb-title-wrap\"><span class=\"uagb-ifb-title-prefix\">Martin Stommer<\/span><h6 class=\"uagb-ifb-title\">Zakladatel \/ gener\u00e1ln\u00ed \u0159editel<\/h6><\/div><p class=\"uagb-ifb-desc\">Martin je zaveden\u00fd obchodn\u00ed kou\u010d s v\u00edce ne\u017e 12 lety zku\u0161enost\u00ed. Jeho zp\u016fsob kou\u010dov\u00e1n\u00ed a veden\u00ed odr\u00e1\u017e\u00ed jeho vst\u0159\u00edcnou a p\u0159\u00e1telskou povahu.<\/p><\/div><\/div><\/div>\n\n\n\n<div class=\"wp-block-uagb-info-box uagb-block-c3874dab uagb-infobox__content-wrap  uagb-infobox-icon-above-title uagb-infobox-image-valign-top wp-block-uagb-info-box--has-margin\"><div class=\"uagb-infobox-margin-wrapper\"><div class=\"uagb-ifb-content\"><div class=\"uagb-ifb-image-content\"><img decoding=\"async\" src=\"https:\/\/exploravenue.com\/wp-content\/uploads\/sites\/225\/2021\/05\/team-2.jpg\" alt=\"\" width=\"500\" height=\"500\" loading=\"lazy\"\/><\/div><div class=\"uagb-ifb-title-wrap\"><span class=\"uagb-ifb-title-prefix\">Barbara Cooperov\u00e1<\/span><h6 class=\"uagb-ifb-title\">Zakladatel \/ gener\u00e1ln\u00ed \u0159editel<\/h6><\/div><p class=\"uagb-ifb-desc\">Barbara je oce\u0148ovan\u00e1 kou\u010dka, kter\u00e1 pomohla v\u00edce ne\u017e 25 firm\u00e1m zalo\u017eit a prosperovat online. Miluje komunikaci a navazov\u00e1n\u00ed p\u0159\u00e1telstv\u00ed.<\/p><\/div><\/div><\/div>\n\n\n\n<div class=\"wp-block-uagb-info-box uagb-block-e98108b0 uagb-infobox__content-wrap  uagb-infobox-icon-above-title uagb-infobox-image-valign-top wp-block-uagb-info-box--has-margin\"><div class=\"uagb-infobox-margin-wrapper\"><div class=\"uagb-ifb-content\"><div class=\"uagb-ifb-image-content\"><img decoding=\"async\" src=\"https:\/\/exploravenue.com\/wp-content\/uploads\/sites\/225\/2021\/05\/team-3-1.jpg\" alt=\"\" width=\"500\" height=\"500\" loading=\"lazy\"\/><\/div><div class=\"uagb-ifb-title-wrap\"><span class=\"uagb-ifb-title-prefix\">Jason Ester<\/span><h6 class=\"uagb-ifb-title\">Zakladatel \/ gener\u00e1ln\u00ed \u0159editel<\/h6><\/div><p class=\"uagb-ifb-desc\">Jason, absolvent jedn\u00e9 z nejlep\u0161\u00edch univerzit a expert na pomoc IT firm\u00e1m s r\u016fstem, byl p\u0159\u00edtelem a pr\u016fvodcem mnoha za\u010d\u00ednaj\u00edc\u00edch podnikatel\u016f.<\/p><\/div><\/div><\/div>\n<\/div><\/div>\n<\/div><\/div>\n\n\n\n<div class=\"wp-block-uagb-container uagb-block-05fd2311 alignfull uagb-is-root-container\"><div class=\"uagb-container-inner-blocks-wrap\">\n<div class=\"wp-block-uagb-info-box uagb-block-5f43401b uagb-infobox__content-wrap  uagb-infobox-icon-above-title uagb-infobox-image-valign-top wp-block-uagb-info-box--has-margin\"><div class=\"uagb-infobox-margin-wrapper\"><div class=\"uagb-ifb-content\"><div class=\"uagb-ifb-title-wrap\"><h2 class=\"uagb-ifb-title\">P\u0159ekonejte sv\u00e9 p\u0159ek\u00e1\u017eky. Z\u00edskejte obchodn\u00ed kou\u010dink je\u0161t\u011b dnes!<\/h2><\/div><div class=\"uagb-ifb-button-wrapper wp-block-button\"><a href=\"#\" class=\"uagb-infobox-cta-link wp-block-button__link\" target=\"_self\" rel=\"noopener noreferrer\" onclick=\"return false;\"><span class=\"uagb-inline-editing\">konzultace o knize<\/span><\/a><\/div><\/div><\/div><\/div>\n<\/div><\/div>","protected":false},"excerpt":{"rendered":"<p>O n\u00e1s Kou\u010dov\u00e1n\u00ed pro \u0161ampiony!\u200b Posl\u00e1n\u00ed. Vn\u00e9st jasno do priorit, strategi\u00ed a p\u0159\u00edle\u017eitost\u00ed v r\u00e1mci firem nebo rol\u00ed, abychom jim pomohli dos\u00e1hnout v\u00fdjime\u010dn\u00fdch v\u00fdsledk\u016f, po kter\u00fdch tou\u017e\u00ed. Vize. Sna\u017e\u00edme se umo\u017enit na\u0161im klient\u016fm m\u00edt jasn\u00fd sm\u011br, soust\u0159edit se a dos\u00e1hnout \u00fasp\u011bchu ve v\u0161ech oblastech jejich podnik\u00e1n\u00ed. N\u00e1\u0161 t\u00fdm<\/p>","protected":false},"author":2,"featured_media":0,"parent":0,"menu_order":0,"comment_status":"closed","ping_status":"closed","template":"","meta":{"_uag_custom_page_level_css":"","site-sidebar-layout":"no-sidebar","site-content-layout":"plain-container","ast-site-content-layout":"normal-width-container","site-content-style":"unboxed","site-sidebar-style":"unboxed","ast-global-header-display":"","ast-banner-title-visibility":"","ast-main-header-display":"","ast-hfb-above-header-display":"","ast-hfb-below-header-display":"","ast-hfb-mobile-header-display":"","site-post-title":"disabled","ast-breadcrumbs-content":"","ast-featured-img":"","footer-sml-layout":"","theme-transparent-header-meta":"default","adv-header-id-meta":"","stick-header-meta":"","header-above-stick-meta":"","header-main-stick-meta":"","header-below-stick-meta":"","astra-migrate-meta-layouts":"set","ast-page-background-enabled":"default","ast-page-background-meta":{"desktop":{"background-color":"var(--ast-global-color-4)","background-image":"","background-repeat":"repeat","background-position":"center center","background-size":"auto","background-attachment":"scroll","background-type":"","background-media":"","overlay-type":"","overlay-color":"","overlay-opacity":"","overlay-gradient":""},"tablet":{"background-color":"","background-image":"","background-repeat":"repeat","background-position":"center center","background-size":"auto","background-attachment":"scroll","background-type":"","background-media":"","overlay-type":"","overlay-color":"","overlay-opacity":"","overlay-gradient":""},"mobile":{"background-color":"","background-image":"","background-repeat":"repeat","background-position":"center center","background-size":"auto","background-attachment":"scroll","background-type":"","background-media":"","overlay-type":"","overlay-color":"","overlay-opacity":"","overlay-gradient":""}},"ast-content-background-meta":{"desktop":{"background-color":"var(--ast-global-color-5)","background-image":"","background-repeat":"repeat","background-position":"center center","background-size":"auto","background-attachment":"scroll","background-type":"","background-media":"","overlay-type":"","overlay-color":"","overlay-opacity":"","overlay-gradient":""},"tablet":{"background-color":"var(--ast-global-color-5)","background-image":"","background-repeat":"repeat","background-position":"center center","background-size":"auto","background-attachment":"scroll","background-type":"","background-media":"","overlay-type":"","overlay-color":"","overlay-opacity":"","overlay-gradient":""},"mobile":{"background-color":"var(--ast-global-color-5)","background-image":"","background-repeat":"repeat","background-position":"center center","background-size":"auto","background-attachment":"scroll","background-type":"","background-media":"","overlay-type":"","overlay-color":"","overlay-opacity":"","overlay-gradient":""}},"footnotes":""},"yoast_head":"<!-- This site is optimized with the Yoast SEO plugin v23.3 - https:\/\/yoast.com\/wordpress\/plugins\/seo\/ -->\n<title>About Us - Explora Venue<\/title>\n<meta name=\"robots\" content=\"index, follow, max-snippet:-1, max-image-preview:large, max-video-preview:-1\" \/>\n<link rel=\"canonical\" href=\"https:\/\/exploravenue.com\/cs\/about-us\/\" \/>\n<meta property=\"og:locale\" content=\"cs_CZ\" \/>\n<meta property=\"og:type\" content=\"article\" \/>\n<meta property=\"og:title\" content=\"About Us - Explora Venue\" \/>\n<meta property=\"og:description\" content=\"About Us Coaching for Champions!\u200b Mission. Bring clarity to the priorities, strategies and opportunities within businesses or roles to help them achieve the exceptional results they desire. Vision. We strive to enable our clients to have clear direction, focus and achieve success in all the areas of their business. Our Team\" \/>\n<meta property=\"og:url\" content=\"https:\/\/exploravenue.com\/cs\/about-us\/\" \/>\n<meta property=\"og:site_name\" content=\"Explora Venue\" \/>\n<meta property=\"article:modified_time\" content=\"2025-06-27T12:13:57+00:00\" \/>\n<meta property=\"og:image\" content=\"https:\/\/exploravenue.com\/wp-content\/uploads\/sites\/225\/2021\/05\/inner-page-hero-img.jpg\" \/>\n<meta name=\"twitter:card\" content=\"summary_large_image\" \/>\n<meta name=\"twitter:label1\" content=\"Est. reading time\" \/>\n\t<meta name=\"twitter:data1\" content=\"2 minuty\" \/>\n<script type=\"application\/ld+json\" class=\"yoast-schema-graph\">{\"@context\":\"https:\/\/schema.org\",\"@graph\":[{\"@type\":\"WebPage\",\"@id\":\"https:\/\/exploravenue.com\/about-us\/\",\"url\":\"https:\/\/exploravenue.com\/about-us\/\",\"name\":\"About Us - Explora Venue\",\"isPartOf\":{\"@id\":\"https:\/\/exploravenue.com\/#website\"},\"primaryImageOfPage\":{\"@id\":\"https:\/\/exploravenue.com\/about-us\/#primaryimage\"},\"image\":{\"@id\":\"https:\/\/exploravenue.com\/about-us\/#primaryimage\"},\"thumbnailUrl\":\"https:\/\/exploravenue.com\/wp-content\/uploads\/sites\/225\/2021\/05\/inner-page-hero-img.jpg\",\"datePublished\":\"2025-06-27T12:13:49+00:00\",\"dateModified\":\"2025-06-27T12:13:57+00:00\",\"breadcrumb\":{\"@id\":\"https:\/\/exploravenue.com\/about-us\/#breadcrumb\"},\"inLanguage\":\"cs\",\"potentialAction\":[{\"@type\":\"ReadAction\",\"target\":[\"https:\/\/exploravenue.com\/about-us\/\"]}]},{\"@type\":\"ImageObject\",\"inLanguage\":\"cs\",\"@id\":\"https:\/\/exploravenue.com\/about-us\/#primaryimage\",\"url\":\"https:\/\/exploravenue.com\/wp-content\/uploads\/sites\/225\/2021\/05\/inner-page-hero-img.jpg\",\"contentUrl\":\"https:\/\/exploravenue.com\/wp-content\/uploads\/sites\/225\/2021\/05\/inner-page-hero-img.jpg\"},{\"@type\":\"BreadcrumbList\",\"@id\":\"https:\/\/exploravenue.com\/about-us\/#breadcrumb\",\"itemListElement\":[{\"@type\":\"ListItem\",\"position\":1,\"name\":\"Home\",\"item\":\"https:\/\/exploravenue.com\/\"},{\"@type\":\"ListItem\",\"position\":2,\"name\":\"About Us\"}]},{\"@type\":\"WebSite\",\"@id\":\"https:\/\/exploravenue.com\/#website\",\"url\":\"https:\/\/exploravenue.com\/\",\"name\":\"Explora Venue\",\"description\":\"\",\"publisher\":{\"@id\":\"https:\/\/exploravenue.com\/#organization\"},\"potentialAction\":[{\"@type\":\"SearchAction\",\"target\":{\"@type\":\"EntryPoint\",\"urlTemplate\":\"https:\/\/exploravenue.com\/?s={search_term_string}\"},\"query-input\":\"required name=search_term_string\"}],\"inLanguage\":\"cs\"},{\"@type\":\"Organization\",\"@id\":\"https:\/\/exploravenue.com\/#organization\",\"name\":\"Explora Venue\",\"url\":\"https:\/\/exploravenue.com\/\",\"logo\":{\"@type\":\"ImageObject\",\"inLanguage\":\"cs\",\"@id\":\"https:\/\/exploravenue.com\/#\/schema\/logo\/image\/\",\"url\":\"https:\/\/exploravenue.com\/wp-content\/uploads\/sites\/225\/2026\/01\/cropped-EV-logo.png\",\"contentUrl\":\"https:\/\/exploravenue.com\/wp-content\/uploads\/sites\/225\/2026\/01\/cropped-EV-logo.png\",\"width\":216,\"height\":242,\"caption\":\"Explora Venue\"},\"image\":{\"@id\":\"https:\/\/exploravenue.com\/#\/schema\/logo\/image\/\"}}]}<\/script>\n<!-- \/ Yoast SEO plugin. -->","yoast_head_json":{"title":"About Us - Explora Venue","robots":{"index":"index","follow":"follow","max-snippet":"max-snippet:-1","max-image-preview":"max-image-preview:large","max-video-preview":"max-video-preview:-1"},"canonical":"https:\/\/exploravenue.com\/cs\/about-us\/","og_locale":"cs_CZ","og_type":"article","og_title":"About Us - Explora Venue","og_description":"About Us Coaching for Champions!\u200b Mission. Bring clarity to the priorities, strategies and opportunities within businesses or roles to help them achieve the exceptional results they desire. Vision. We strive to enable our clients to have clear direction, focus and achieve success in all the areas of their business. Our Team","og_url":"https:\/\/exploravenue.com\/cs\/about-us\/","og_site_name":"Explora Venue","article_modified_time":"2025-06-27T12:13:57+00:00","og_image":[{"url":"https:\/\/exploravenue.com\/wp-content\/uploads\/sites\/225\/2021\/05\/inner-page-hero-img.jpg"}],"twitter_card":"summary_large_image","twitter_misc":{"Est. reading time":"2 minuty"},"schema":{"@context":"https:\/\/schema.org","@graph":[{"@type":"WebPage","@id":"https:\/\/exploravenue.com\/about-us\/","url":"https:\/\/exploravenue.com\/about-us\/","name":"About Us - Explora Venue","isPartOf":{"@id":"https:\/\/exploravenue.com\/#website"},"primaryImageOfPage":{"@id":"https:\/\/exploravenue.com\/about-us\/#primaryimage"},"image":{"@id":"https:\/\/exploravenue.com\/about-us\/#primaryimage"},"thumbnailUrl":"https:\/\/exploravenue.com\/wp-content\/uploads\/sites\/225\/2021\/05\/inner-page-hero-img.jpg","datePublished":"2025-06-27T12:13:49+00:00","dateModified":"2025-06-27T12:13:57+00:00","breadcrumb":{"@id":"https:\/\/exploravenue.com\/about-us\/#breadcrumb"},"inLanguage":"cs","potentialAction":[{"@type":"ReadAction","target":["https:\/\/exploravenue.com\/about-us\/"]}]},{"@type":"ImageObject","inLanguage":"cs","@id":"https:\/\/exploravenue.com\/about-us\/#primaryimage","url":"https:\/\/exploravenue.com\/wp-content\/uploads\/sites\/225\/2021\/05\/inner-page-hero-img.jpg","contentUrl":"https:\/\/exploravenue.com\/wp-content\/uploads\/sites\/225\/2021\/05\/inner-page-hero-img.jpg"},{"@type":"BreadcrumbList","@id":"https:\/\/exploravenue.com\/about-us\/#breadcrumb","itemListElement":[{"@type":"ListItem","position":1,"name":"Home","item":"https:\/\/exploravenue.com\/"},{"@type":"ListItem","position":2,"name":"About Us"}]},{"@type":"WebSite","@id":"https:\/\/exploravenue.com\/#website","url":"https:\/\/exploravenue.com\/","name":"Explora Venue","description":"","publisher":{"@id":"https:\/\/exploravenue.com\/#organization"},"potentialAction":[{"@type":"SearchAction","target":{"@type":"EntryPoint","urlTemplate":"https:\/\/exploravenue.com\/?s={search_term_string}"},"query-input":"required name=search_term_string"}],"inLanguage":"cs"},{"@type":"Organization","@id":"https:\/\/exploravenue.com\/#organization","name":"Explora Venue","url":"https:\/\/exploravenue.com\/","logo":{"@type":"ImageObject","inLanguage":"cs","@id":"https:\/\/exploravenue.com\/#\/schema\/logo\/image\/","url":"https:\/\/exploravenue.com\/wp-content\/uploads\/sites\/225\/2026\/01\/cropped-EV-logo.png","contentUrl":"https:\/\/exploravenue.com\/wp-content\/uploads\/sites\/225\/2026\/01\/cropped-EV-logo.png","width":216,"height":242,"caption":"Explora Venue"},"image":{"@id":"https:\/\/exploravenue.com\/#\/schema\/logo\/image\/"}}]}},"uagb_featured_image_src":{"full":false,"thumbnail":false,"medium":false,"medium_large":false,"large":false,"1536x1536":false,"2048x2048":false,"trp-custom-language-flag":false},"uagb_author_info":{"display_name":"lcgianni","author_link":"https:\/\/exploravenue.com\/cs\/author\/lcgianni\/"},"uagb_comment_info":0,"uagb_excerpt":"About Us Coaching for Champions!\u200b Mission. Bring clarity to the priorities, strategies and opportunities within businesses or roles to help them achieve the exceptional results they desire. Vision. We strive to enable our clients to have clear direction, focus and achieve success in all the areas of their business. Our Team","_links":{"self":[{"href":"https:\/\/exploravenue.com\/cs\/wp-json\/wp\/v2\/pages\/430"}],"collection":[{"href":"https:\/\/exploravenue.com\/cs\/wp-json\/wp\/v2\/pages"}],"about":[{"href":"https:\/\/exploravenue.com\/cs\/wp-json\/wp\/v2\/types\/page"}],"author":[{"embeddable":true,"href":"https:\/\/exploravenue.com\/cs\/wp-json\/wp\/v2\/users\/2"}],"replies":[{"embeddable":true,"href":"https:\/\/exploravenue.com\/cs\/wp-json\/wp\/v2\/comments?post=430"}],"version-history":[{"count":1,"href":"https:\/\/exploravenue.com\/cs\/wp-json\/wp\/v2\/pages\/430\/revisions"}],"predecessor-version":[{"id":437,"href":"https:\/\/exploravenue.com\/cs\/wp-json\/wp\/v2\/pages\/430\/revisions\/437"}],"wp:attachment":[{"href":"https:\/\/exploravenue.com\/cs\/wp-json\/wp\/v2\/media?parent=430"}],"curies":[{"name":"wp","href":"https:\/\/api.w.org\/{rel}","templated":true}]}}